{"id":1041,"date":"2025-09-17T13:41:46","date_gmt":"2025-09-17T13:41:46","guid":{"rendered":"https:\/\/cogopamd.org\/sobre-nosotros\/"},"modified":"2025-12-08T20:09:27","modified_gmt":"2025-12-08T20:09:27","slug":"sobre-nosotros","status":"publish","type":"page","link":"https:\/\/cogopamd.org\/es\/sobre-nosotros\/","title":{"rendered":"Sobre nosotros"},"content":{"rendered":"\t\t<div data-elementor-type=\"wp-page\" data-elementor-id=\"1041\" class=\"elementor elementor-1041 elementor-204\" data-elementor-post-type=\"page\">\n\t\t\t\t<div class=\"elementor-element elementor-element-79cb260 e-flex e-con-boxed e-con e-parent\" data-id=\"79cb260\" data-element_type=\"container\" data-e-type=\"container\" data-settings=\"{&quot;background_background&quot;:&quot;classic&quot;}\">\n\t\t\t\t\t<div class=\"e-con-inner\">\n\t\t<div class=\"elementor-element elementor-element-514c976 e-con-full e-flex e-con e-child\" data-id=\"514c976\" data-element_type=\"container\" data-e-type=\"container\">\n\t\t\t\t<div class=\"elementor-element elementor-element-361ede3 elementor-widget elementor-widget-heading\" data-id=\"361ede3\" data-element_type=\"widget\" data-e-type=\"widget\" data-widget_type=\"heading.default\">\n\t\t\t\t\t<h2 class=\"elementor-heading-title elementor-size-default\">Sobre nosotros<\/h2>\t\t\t\t<\/div>\n\t\t\t\t<div class=\"elementor-element elementor-element-c6b3c94 elementor-widget elementor-widget-text-editor\" data-id=\"c6b3c94\" data-element_type=\"widget\" data-e-type=\"widget\" data-widget_type=\"text-editor.default\">\n\t\t\t\t\t\t\t\t\t<p><a href=\"https:\/\/cogopamd.org\/es\/\">P\u00e1gina principal<\/a><a href=\"#\">\/<\/a> Sobre nosotros<\/p>\t\t\t\t\t\t\t\t<\/div>\n\t\t\t\t<\/div>\n\t\t\t\t\t<\/div>\n\t\t\t\t<\/div>\n\t\t<div class=\"elementor-element elementor-element-9bf5d67 e-flex e-con-boxed e-con e-parent\" data-id=\"9bf5d67\" data-element_type=\"container\" data-e-type=\"container\" data-settings=\"{&quot;background_background&quot;:&quot;classic&quot;}\">\n\t\t\t\t\t<div class=\"e-con-inner\">\n\t\t<div class=\"elementor-element elementor-element-a371a86 e-con-full e-flex e-con e-child\" data-id=\"a371a86\" data-element_type=\"container\" data-e-type=\"container\">\n\t\t\t\t<div class=\"elementor-element elementor-element-abc5e32 elementor-icon-list--layout-traditional elementor-list-item-link-full_width elementor-widget elementor-widget-icon-list\" data-id=\"abc5e32\" data-element_type=\"widget\" data-e-type=\"widget\" data-widget_type=\"icon-list.default\">\n\t\t\t\t\t\t\t<ul class=\"elementor-icon-list-items\">\n\t\t\t\t\t\t\t<li class=\"elementor-icon-list-item\">\n\t\t\t\t\t\t\t\t\t\t<span class=\"elementor-icon-list-text\">QUI\u00c9NES SOMOS<\/span>\n\t\t\t\t\t\t\t\t\t<\/li>\n\t\t\t\t\t\t<\/ul>\n\t\t\t\t\t\t<\/div>\n\t\t\t\t<div class=\"elementor-element elementor-element-ba7a416 elementor-widget elementor-widget-heading\" data-id=\"ba7a416\" data-element_type=\"widget\" data-e-type=\"widget\" data-widget_type=\"heading.default\">\n\t\t\t\t\t<h2 class=\"elementor-heading-title elementor-size-default\">Desarrollo Ministerial Acreditado<\/h2>\t\t\t\t<\/div>\n\t\t\t\t<div class=\"elementor-element elementor-element-9580810 elementor-widget elementor-widget-text-editor\" data-id=\"9580810\" data-element_type=\"widget\" data-e-type=\"widget\" data-widget_type=\"text-editor.default\">\n\t\t\t\t\t\t\t\t\t<p>El Desarrollo Ministerial Acreditado es parte del Ministerio de Desarrollo del Liderazgo y Discipulado de la Iglesia de Dios de la Profec\u00eda.<\/p><p>El Desarrollo Ministerial Acreditado colabora con instituciones de educaci\u00f3n superior para equipar a los ministros y l\u00edderes de la Iglesia de Dios de la Profec\u00eda. Mediante estas asociaciones y las donaciones de nuestros miembros, podemos ofrecer becas a nuestros estudiantes. <\/p><p>En 2025, el Seminario Esp\u00edritu y Vida (SEVi) atendi\u00f3 a m\u00e1s de 300 estudiantes en sus programas de certificado y licenciatura en Estudios Teol\u00f3gicos y Ministeriales. En abril de 2025, el SEVi recibi\u00f3 la acreditaci\u00f3n completa de la Asociaci\u00f3n Transnacional de Colegios, Escuelas y Universidades Cristianas (TRACS, por sus siglas en ingl\u00e9s). En 2025, el Seminario Teol\u00f3gico Pentecostal atendi\u00f3 a m\u00e1s de 40 estudiantes de posgrado de la IDP a nivel de maestr\u00eda y doctorado. Muchos de sus egresados se desempe\u00f1an como l\u00edderes denominacionales, pastores, maestros, l\u00edderes laicos, consejeros y l\u00edderes comunitarios.   <\/p>\t\t\t\t\t\t\t\t<\/div>\n\t\t\t\t<\/div>\n\t\t<div class=\"elementor-element elementor-element-102e965 e-con-full e-flex e-con e-child\" data-id=\"102e965\" data-element_type=\"container\" data-e-type=\"container\" data-settings=\"{&quot;background_background&quot;:&quot;classic&quot;}\">\n\t\t\t\t<\/div>\n\t\t\t\t\t<\/div>\n\t\t\t\t<\/div>\n\t\t<div class=\"elementor-element elementor-element-8a5798f e-flex e-con-boxed e-con e-parent\" data-id=\"8a5798f\" data-element_type=\"container\" data-e-type=\"container\" data-settings=\"{&quot;background_background&quot;:&quot;classic&quot;}\">\n\t\t\t\t\t<div class=\"e-con-inner\">\n\t\t<div class=\"elementor-element elementor-element-cac2390 e-con-full e-flex e-con e-child\" data-id=\"cac2390\" data-element_type=\"container\" data-e-type=\"container\">\n\t\t\t\t<div class=\"elementor-element elementor-element-aaf7dfd elementor-icon-list--layout-traditional elementor-list-item-link-full_width elementor-widget elementor-widget-icon-list\" data-id=\"aaf7dfd\" data-element_type=\"widget\" data-e-type=\"widget\" data-widget_type=\"icon-list.default\">\n\t\t\t\t\t\t\t<ul class=\"elementor-icon-list-items\">\n\t\t\t\t\t\t\t<li class=\"elementor-icon-list-item\">\n\t\t\t\t\t\t\t\t\t\t<span class=\"elementor-icon-list-text\">NUESTRO PROP\u00d3SITO<\/span>\n\t\t\t\t\t\t\t\t\t<\/li>\n\t\t\t\t\t\t<\/ul>\n\t\t\t\t\t\t<\/div>\n\t\t\t\t<div class=\"elementor-element elementor-element-078b7e0 elementor-widget__width-initial elementor-widget elementor-widget-heading\" data-id=\"078b7e0\" data-element_type=\"widget\" data-e-type=\"widget\" data-widget_type=\"heading.default\">\n\t\t\t\t\t<h2 class=\"elementor-heading-title elementor-size-default\">La excelencia en el ministerio a trav\u00e9s de la educaci\u00f3n<\/h2>\t\t\t\t<\/div>\n\t\t\t\t<div class=\"elementor-element elementor-element-6b1a858 elementor-widget elementor-widget-text-editor\" data-id=\"6b1a858\" data-element_type=\"widget\" data-e-type=\"widget\" data-widget_type=\"text-editor.default\">\n\t\t\t\t\t\t\t\t\t<p>El DMA le brinda formaci\u00f3n a l\u00edderes centrados en Cristo, preparados y ungidos para el servicio e impulsados por una pasi\u00f3n que tenga impacto en su mundo.<\/p>\t\t\t\t\t\t\t\t<\/div>\n\t\t\t\t<\/div>\n\t\t<div class=\"elementor-element elementor-element-4af58f1 e-con-full e-flex e-con e-child\" data-id=\"4af58f1\" data-element_type=\"container\" data-e-type=\"container\">\n\t\t<div class=\"elementor-element elementor-element-b9e1c36 e-con-full e-flex e-con e-child\" data-id=\"b9e1c36\" data-element_type=\"container\" data-e-type=\"container\">\n\t\t<div class=\"elementor-element elementor-element-385e3b9 e-con-full e-flex e-con e-child\" data-id=\"385e3b9\" data-element_type=\"container\" data-e-type=\"container\" data-settings=\"{&quot;background_background&quot;:&quot;classic&quot;}\">\n\t\t\t\t<div class=\"elementor-element elementor-element-0277310 elementor-view-stacked elementor-shape-square elementor-position-block-start elementor-mobile-position-block-start elementor-widget elementor-widget-icon-box\" data-id=\"0277310\" data-element_type=\"widget\" data-e-type=\"widget\" data-widget_type=\"icon-box.default\">\n\t\t\t\t\t\t\t<div class=\"elementor-icon-box-wrapper\">\n\n\t\t\t\t\t\t<div class=\"elementor-icon-box-icon\">\n\t\t\t\t<span  class=\"elementor-icon\">\n\t\t\t\t<i aria-hidden=\"true\" class=\"icon icon-light-bulb1\"><\/i>\t\t\t\t<\/span>\n\t\t\t<\/div>\n\t\t\t\n\t\t\t\t\t\t<div class=\"elementor-icon-box-content\">\n\n\t\t\t\t\t\t\t\t\t<h3 class=\"elementor-icon-box-title\">\n\t\t\t\t\t\t<span  >\n\t\t\t\t\t\t\tMisi\u00f3n\t\t\t\t\t\t<\/span>\n\t\t\t\t\t<\/h3>\n\t\t\t\t\n\t\t\t\t\t\t\t\t\t<p class=\"elementor-icon-box-description\">\n\t\t\t\t\t\tLa misi\u00f3n del Desarrollo Ministerial Acreditado es proporcionar programas educativos y oportunidades de formaci\u00f3n que sean teol\u00f3gicamente s\u00f3lidos y de alcance pr\u00e1ctico, de modo que los l\u00edderes y los ministros de nuestro movimiento est\u00e9n equipados para cumplir la misi\u00f3n de Cristo e impactar en su mundo.\t\t\t\t\t<\/p>\n\t\t\t\t\n\t\t\t<\/div>\n\t\t\t\n\t\t<\/div>\n\t\t\t\t\t\t<\/div>\n\t\t\t\t<\/div>\n\t\t<div class=\"elementor-element elementor-element-645b3b3 e-con-full e-flex e-con e-child\" data-id=\"645b3b3\" data-element_type=\"container\" data-e-type=\"container\" data-settings=\"{&quot;background_background&quot;:&quot;classic&quot;}\">\n\t\t\t\t<div class=\"elementor-element elementor-element-cdce14a elementor-view-stacked elementor-shape-square elementor-position-block-start elementor-mobile-position-block-start elementor-widget elementor-widget-icon-box\" data-id=\"cdce14a\" data-element_type=\"widget\" data-e-type=\"widget\" data-widget_type=\"icon-box.default\">\n\t\t\t\t\t\t\t<div class=\"elementor-icon-box-wrapper\">\n\n\t\t\t\t\t\t<div class=\"elementor-icon-box-icon\">\n\t\t\t\t<span  class=\"elementor-icon\">\n\t\t\t\t<i aria-hidden=\"true\" class=\"icon icon-internet\"><\/i>\t\t\t\t<\/span>\n\t\t\t<\/div>\n\t\t\t\n\t\t\t\t\t\t<div class=\"elementor-icon-box-content\">\n\n\t\t\t\t\t\t\t\t\t<h3 class=\"elementor-icon-box-title\">\n\t\t\t\t\t\t<span  >\n\t\t\t\t\t\t\tVisi\u00f3n\t\t\t\t\t\t<\/span>\n\t\t\t\t\t<\/h3>\n\t\t\t\t\n\t\t\t\t\t\t\t\t\t<p class=\"elementor-icon-box-description\">\n\t\t\t\t\t\tLa funci\u00f3n principal del DMA es preparar a hombres y mujeres que est\u00e9n equipados para cumplir con la Gran Comisi\u00f3n, ungidos para el servicio y con el coraz\u00f3n quebrantado por la humanidad perdida.\n\nPor lo tanto, a trav\u00e9s de sus programas acad\u00e9micos de educaci\u00f3n superior, el DMA busca expandir el reino de Dios, edificar a la iglesia y equipar a sus estudiantes para que sean l\u00edderes cristianos y ciudadanos eficaces.\t\t\t\t\t<\/p>\n\t\t\t\t\n\t\t\t<\/div>\n\t\t\t\n\t\t<\/div>\n\t\t\t\t\t\t<\/div>\n\t\t\t\t<\/div>\n\t\t\t\t<\/div>\n\t\t\t\t<\/div>\n\t\t\t\t\t<\/div>\n\t\t\t\t<\/div>\n\t\t\t\t<\/div>\n\t\t","protected":false},"excerpt":{"rendered":"<p>Sobre nosotros P\u00e1gina principal\/ Sobre nosotros QUI\u00c9NES SOMOS Desarrollo Ministerial Acreditado El Desarrollo Ministerial Acreditado es parte del Ministerio de Desarrollo del Liderazgo y Discipulado de la Iglesia de Dios de la Profec\u00eda. El Desarrollo Ministerial Acreditado colabora con instituciones de educaci\u00f3n superior para equipar a los ministros y l\u00edderes de la Iglesia de Dios [&hellip;]<\/p>\n","protected":false},"author":1,"featured_media":0,"parent":0,"menu_order":0,"comment_status":"closed","ping_status":"closed","template":"elementor_header_footer","meta":{"footnotes":""},"class_list":["post-1041","page","type-page","status-publish","hentry"],"yoast_head":"<!-- This site is optimized with the Yoast SEO plugin v27.4 - https:\/\/yoast.com\/product\/yoast-seo-wordpress\/ -->\n<title>Sobre nosotros | Accredited Ministry Development<\/title>\n<meta name=\"robots\" content=\"index, follow, max-snippet:-1, max-image-preview:large, max-video-preview:-1\" \/>\n<link rel=\"canonical\" href=\"https:\/\/cogopamd.org\/es\/sobre-nosotros\/\" \/>\n<meta property=\"og:locale\" content=\"es_ES\" \/>\n<meta property=\"og:type\" content=\"article\" \/>\n<meta property=\"og:title\" content=\"Sobre nosotros | Accredited Ministry Development\" \/>\n<meta property=\"og:description\" content=\"Sobre nosotros P\u00e1gina principal\/ Sobre nosotros QUI\u00c9NES SOMOS Desarrollo Ministerial Acreditado El Desarrollo Ministerial Acreditado es parte del Ministerio de Desarrollo del Liderazgo y Discipulado de la Iglesia de Dios de la Profec\u00eda. El Desarrollo Ministerial Acreditado colabora con instituciones de educaci\u00f3n superior para equipar a los ministros y l\u00edderes de la Iglesia de Dios [&hellip;]\" \/>\n<meta property=\"og:url\" content=\"https:\/\/cogopamd.org\/es\/sobre-nosotros\/\" \/>\n<meta property=\"og:site_name\" content=\"Accredited Ministry Development\" \/>\n<meta property=\"article:publisher\" content=\"https:\/\/www.facebook.com\/cogopamd\" \/>\n<meta property=\"article:modified_time\" content=\"2025-12-08T20:09:27+00:00\" \/>\n<meta property=\"og:image\" content=\"https:\/\/cogopamd.org\/wp-content\/uploads\/2025\/11\/opt-seo.webp\" \/>\n\t<meta property=\"og:image:width\" content=\"1200\" \/>\n\t<meta property=\"og:image:height\" content=\"630\" \/>\n\t<meta property=\"og:image:type\" content=\"image\/webp\" \/>\n<meta name=\"twitter:card\" content=\"summary_large_image\" \/>\n<meta name=\"twitter:label1\" content=\"Tiempo de lectura\" \/>\n\t<meta name=\"twitter:data1\" content=\"2 minutos\" \/>\n<script type=\"application\/ld+json\" class=\"yoast-schema-graph\">{\"@context\":\"https:\\\/\\\/schema.org\",\"@graph\":[{\"@type\":\"WebPage\",\"@id\":\"https:\\\/\\\/cogopamd.org\\\/es\\\/sobre-nosotros\\\/\",\"url\":\"https:\\\/\\\/cogopamd.org\\\/es\\\/sobre-nosotros\\\/\",\"name\":\"Sobre nosotros | Accredited Ministry Development\",\"isPartOf\":{\"@id\":\"https:\\\/\\\/cogopamd.org\\\/#website\"},\"datePublished\":\"2025-09-17T13:41:46+00:00\",\"dateModified\":\"2025-12-08T20:09:27+00:00\",\"breadcrumb\":{\"@id\":\"https:\\\/\\\/cogopamd.org\\\/es\\\/sobre-nosotros\\\/#breadcrumb\"},\"inLanguage\":\"es\",\"potentialAction\":[{\"@type\":\"ReadAction\",\"target\":[\"https:\\\/\\\/cogopamd.org\\\/es\\\/sobre-nosotros\\\/\"]}]},{\"@type\":\"BreadcrumbList\",\"@id\":\"https:\\\/\\\/cogopamd.org\\\/es\\\/sobre-nosotros\\\/#breadcrumb\",\"itemListElement\":[{\"@type\":\"ListItem\",\"position\":1,\"name\":\"Home\",\"item\":\"https:\\\/\\\/cogopamd.org\\\/es\\\/\"},{\"@type\":\"ListItem\",\"position\":2,\"name\":\"Sobre nosotros\"}]},{\"@type\":\"WebSite\",\"@id\":\"https:\\\/\\\/cogopamd.org\\\/#website\",\"url\":\"https:\\\/\\\/cogopamd.org\\\/\",\"name\":\"Accredited Ministry Development\",\"description\":\"Accredited Ministry Development is part of the Leadership Development &amp; Discipleship Ministries of the Church of God of Prophecy.\",\"publisher\":{\"@id\":\"https:\\\/\\\/cogopamd.org\\\/#organization\"},\"alternateName\":\"AMD COGOP\",\"potentialAction\":[{\"@type\":\"SearchAction\",\"target\":{\"@type\":\"EntryPoint\",\"urlTemplate\":\"https:\\\/\\\/cogopamd.org\\\/?s={search_term_string}\"},\"query-input\":{\"@type\":\"PropertyValueSpecification\",\"valueRequired\":true,\"valueName\":\"search_term_string\"}}],\"inLanguage\":\"es\"},{\"@type\":\"Organization\",\"@id\":\"https:\\\/\\\/cogopamd.org\\\/#organization\",\"name\":\"Church of God of Prophecy \u2013 Leadership Development & Discipleship \u2013 Accredited Ministry Development\",\"alternateName\":\"COGOP - LDD - AMD\",\"url\":\"https:\\\/\\\/cogopamd.org\\\/\",\"logo\":{\"@type\":\"ImageObject\",\"inLanguage\":\"es\",\"@id\":\"https:\\\/\\\/cogopamd.org\\\/#\\\/schema\\\/logo\\\/image\\\/\",\"url\":\"https:\\\/\\\/cogopamd.org\\\/wp-content\\\/uploads\\\/2025\\\/11\\\/opt-seo.webp\",\"contentUrl\":\"https:\\\/\\\/cogopamd.org\\\/wp-content\\\/uploads\\\/2025\\\/11\\\/opt-seo.webp\",\"width\":1200,\"height\":630,\"caption\":\"Church of God of Prophecy \u2013 Leadership Development & Discipleship \u2013 Accredited Ministry Development\"},\"image\":{\"@id\":\"https:\\\/\\\/cogopamd.org\\\/#\\\/schema\\\/logo\\\/image\\\/\"},\"sameAs\":[\"https:\\\/\\\/www.facebook.com\\\/cogopamd\"]}]}<\/script>\n<!-- \/ Yoast SEO plugin. -->","yoast_head_json":{"title":"Sobre nosotros | Accredited Ministry Development","robots":{"index":"index","follow":"follow","max-snippet":"max-snippet:-1","max-image-preview":"max-image-preview:large","max-video-preview":"max-video-preview:-1"},"canonical":"https:\/\/cogopamd.org\/es\/sobre-nosotros\/","og_locale":"es_ES","og_type":"article","og_title":"Sobre nosotros | Accredited Ministry Development","og_description":"Sobre nosotros P\u00e1gina principal\/ Sobre nosotros QUI\u00c9NES SOMOS Desarrollo Ministerial Acreditado El Desarrollo Ministerial Acreditado es parte del Ministerio de Desarrollo del Liderazgo y Discipulado de la Iglesia de Dios de la Profec\u00eda. El Desarrollo Ministerial Acreditado colabora con instituciones de educaci\u00f3n superior para equipar a los ministros y l\u00edderes de la Iglesia de Dios [&hellip;]","og_url":"https:\/\/cogopamd.org\/es\/sobre-nosotros\/","og_site_name":"Accredited Ministry Development","article_publisher":"https:\/\/www.facebook.com\/cogopamd","article_modified_time":"2025-12-08T20:09:27+00:00","og_image":[{"width":1200,"height":630,"url":"https:\/\/cogopamd.org\/wp-content\/uploads\/2025\/11\/opt-seo.webp","type":"image\/webp"}],"twitter_card":"summary_large_image","twitter_misc":{"Tiempo de lectura":"2 minutos"},"schema":{"@context":"https:\/\/schema.org","@graph":[{"@type":"WebPage","@id":"https:\/\/cogopamd.org\/es\/sobre-nosotros\/","url":"https:\/\/cogopamd.org\/es\/sobre-nosotros\/","name":"Sobre nosotros | Accredited Ministry Development","isPartOf":{"@id":"https:\/\/cogopamd.org\/#website"},"datePublished":"2025-09-17T13:41:46+00:00","dateModified":"2025-12-08T20:09:27+00:00","breadcrumb":{"@id":"https:\/\/cogopamd.org\/es\/sobre-nosotros\/#breadcrumb"},"inLanguage":"es","potentialAction":[{"@type":"ReadAction","target":["https:\/\/cogopamd.org\/es\/sobre-nosotros\/"]}]},{"@type":"BreadcrumbList","@id":"https:\/\/cogopamd.org\/es\/sobre-nosotros\/#breadcrumb","itemListElement":[{"@type":"ListItem","position":1,"name":"Home","item":"https:\/\/cogopamd.org\/es\/"},{"@type":"ListItem","position":2,"name":"Sobre nosotros"}]},{"@type":"WebSite","@id":"https:\/\/cogopamd.org\/#website","url":"https:\/\/cogopamd.org\/","name":"Accredited Ministry Development","description":"Accredited Ministry Development is part of the Leadership Development &amp; Discipleship Ministries of the Church of God of Prophecy.","publisher":{"@id":"https:\/\/cogopamd.org\/#organization"},"alternateName":"AMD COGOP","potentialAction":[{"@type":"SearchAction","target":{"@type":"EntryPoint","urlTemplate":"https:\/\/cogopamd.org\/?s={search_term_string}"},"query-input":{"@type":"PropertyValueSpecification","valueRequired":true,"valueName":"search_term_string"}}],"inLanguage":"es"},{"@type":"Organization","@id":"https:\/\/cogopamd.org\/#organization","name":"Church of God of Prophecy \u2013 Leadership Development & Discipleship \u2013 Accredited Ministry Development","alternateName":"COGOP - LDD - AMD","url":"https:\/\/cogopamd.org\/","logo":{"@type":"ImageObject","inLanguage":"es","@id":"https:\/\/cogopamd.org\/#\/schema\/logo\/image\/","url":"https:\/\/cogopamd.org\/wp-content\/uploads\/2025\/11\/opt-seo.webp","contentUrl":"https:\/\/cogopamd.org\/wp-content\/uploads\/2025\/11\/opt-seo.webp","width":1200,"height":630,"caption":"Church of God of Prophecy \u2013 Leadership Development & Discipleship \u2013 Accredited Ministry Development"},"image":{"@id":"https:\/\/cogopamd.org\/#\/schema\/logo\/image\/"},"sameAs":["https:\/\/www.facebook.com\/cogopamd"]}]}},"_links":{"self":[{"href":"https:\/\/cogopamd.org\/es\/wp-json\/wp\/v2\/pages\/1041","targetHints":{"allow":["GET"]}}],"collection":[{"href":"https:\/\/cogopamd.org\/es\/wp-json\/wp\/v2\/pages"}],"about":[{"href":"https:\/\/cogopamd.org\/es\/wp-json\/wp\/v2\/types\/page"}],"author":[{"embeddable":true,"href":"https:\/\/cogopamd.org\/es\/wp-json\/wp\/v2\/users\/1"}],"replies":[{"embeddable":true,"href":"https:\/\/cogopamd.org\/es\/wp-json\/wp\/v2\/comments?post=1041"}],"version-history":[{"count":5,"href":"https:\/\/cogopamd.org\/es\/wp-json\/wp\/v2\/pages\/1041\/revisions"}],"predecessor-version":[{"id":1118,"href":"https:\/\/cogopamd.org\/es\/wp-json\/wp\/v2\/pages\/1041\/revisions\/1118"}],"wp:attachment":[{"href":"https:\/\/cogopamd.org\/es\/wp-json\/wp\/v2\/media?parent=1041"}],"curies":[{"name":"wp","href":"https:\/\/api.w.org\/{rel}","templated":true}]}}