{"id":1051,"date":"2025-09-17T18:39:12","date_gmt":"2025-09-17T18:39:12","guid":{"rendered":"https:\/\/cogopamd.org\/contactenos\/"},"modified":"2025-12-08T20:39:06","modified_gmt":"2025-12-08T20:39:06","slug":"contactenos","status":"publish","type":"page","link":"https:\/\/cogopamd.org\/es\/contactenos\/","title":{"rendered":"Cont\u00e1ctenos"},"content":{"rendered":"\t\t<div data-elementor-type=\"wp-page\" data-elementor-id=\"1051\" class=\"elementor elementor-1051 elementor-331\" data-elementor-post-type=\"page\">\n\t\t\t\t<div class=\"elementor-element elementor-element-1a79b9b e-flex e-con-boxed e-con e-parent\" data-id=\"1a79b9b\" data-element_type=\"container\" data-settings=\"{&quot;background_background&quot;:&quot;classic&quot;}\">\n\t\t\t\t\t<div class=\"e-con-inner\">\n\t\t<div class=\"elementor-element elementor-element-41fb2a1 e-con-full e-flex e-con e-child\" data-id=\"41fb2a1\" data-element_type=\"container\">\n\t\t\t\t<div class=\"elementor-element elementor-element-5121f21 elementor-widget elementor-widget-heading\" data-id=\"5121f21\" data-element_type=\"widget\" data-widget_type=\"heading.default\">\n\t\t\t\t\t<h2 class=\"elementor-heading-title elementor-size-default\">Contacto<\/h2>\t\t\t\t<\/div>\n\t\t\t\t<div class=\"elementor-element elementor-element-c6ee49a elementor-widget elementor-widget-text-editor\" data-id=\"c6ee49a\" data-element_type=\"widget\" data-widget_type=\"text-editor.default\">\n\t\t\t\t\t\t\t\t\t<p><a href=\"https:\/\/cogopamd.org\/es\/\">P\u00e1gina principal<\/a> \/ Contacto<\/p>\t\t\t\t\t\t\t\t<\/div>\n\t\t\t\t<\/div>\n\t\t\t\t\t<\/div>\n\t\t\t\t<\/div>\n\t\t<div class=\"elementor-element elementor-element-0bf6b73 e-flex e-con-boxed e-con e-parent\" data-id=\"0bf6b73\" data-element_type=\"container\">\n\t\t\t\t\t<div class=\"e-con-inner\">\n\t\t<div class=\"elementor-element elementor-element-a3a4d6d e-con-full e-flex e-con e-child\" data-id=\"a3a4d6d\" data-element_type=\"container\">\n\t\t\t\t<div class=\"elementor-element elementor-element-60a5df9 elementor-icon-list--layout-traditional elementor-list-item-link-full_width elementor-widget elementor-widget-icon-list\" data-id=\"60a5df9\" data-element_type=\"widget\" data-widget_type=\"icon-list.default\">\n\t\t\t\t\t\t\t<ul class=\"elementor-icon-list-items\">\n\t\t\t\t\t\t\t<li class=\"elementor-icon-list-item\">\n\t\t\t\t\t\t\t\t\t\t<span class=\"elementor-icon-list-text\">ENVIAR UN MENSAJE<\/span>\n\t\t\t\t\t\t\t\t\t<\/li>\n\t\t\t\t\t\t<\/ul>\n\t\t\t\t\t\t<\/div>\n\t\t\t\t<div class=\"elementor-element elementor-element-a340ba9 elementor-widget__width-initial elementor-widget elementor-widget-heading\" data-id=\"a340ba9\" data-element_type=\"widget\" data-widget_type=\"heading.default\">\n\t\t\t\t\t<h2 class=\"elementor-heading-title elementor-size-default\">Estamos aqu\u00ed para ayudarle.<\/h2>\t\t\t\t<\/div>\n\t\t\t\t<div class=\"elementor-element elementor-element-9a24276 elementor-widget elementor-widget-text-editor\" data-id=\"9a24276\" data-element_type=\"widget\" data-widget_type=\"text-editor.default\">\n\t\t\t\t\t\t\t\t\t<p>\u00bfTiene preguntas sobre los programas, las admisiones o las becas? Estamos aqu\u00ed para ayudarle.<\/p>\t\t\t\t\t\t\t\t<\/div>\n\t\t\t\t<\/div>\n\t\t<div class=\"elementor-element elementor-element-437404f e-con-full e-flex e-con e-child\" data-id=\"437404f\" data-element_type=\"container\" data-settings=\"{&quot;background_background&quot;:&quot;classic&quot;}\">\n\t\t\t\t<div class=\"elementor-element elementor-element-2f2cbae elementor-button-align-stretch elementor-widget elementor-widget-form\" data-id=\"2f2cbae\" data-element_type=\"widget\" data-settings=\"{&quot;step_next_label&quot;:&quot;Siguiente&quot;,&quot;step_previous_label&quot;:&quot;Anterior&quot;,&quot;button_width&quot;:&quot;100&quot;,&quot;step_type&quot;:&quot;number_text&quot;,&quot;step_icon_shape&quot;:&quot;circle&quot;}\" data-widget_type=\"form.default\">\n\t\t\t\t\t\t\t<form class=\"elementor-form\" method=\"post\" name=\"Nuevo formulario\" aria-label=\"Nuevo formulario\">\n\t\t\t<input type=\"hidden\" name=\"post_id\" value=\"1051\"\/>\n\t\t\t<input type=\"hidden\" name=\"form_id\" value=\"2f2cbae\"\/>\n\t\t\t<input type=\"hidden\" name=\"referer_title\" value=\"Cont\u00e1ctenos | Accredited Ministry Development\" \/>\n\n\t\t\t\t\t\t\t<input type=\"hidden\" name=\"queried_id\" value=\"1051\"\/>\n\t\t\t\n\t\t\t<div class=\"elementor-form-fields-wrapper elementor-labels-\">\n\t\t\t\t\t\t\t\t<div class=\"elementor-field-type-text elementor-field-group elementor-column elementor-field-group-name elementor-col-100 elementor-field-required\">\n\t\t\t\t\t\t\t\t\t\t\t\t<label for=\"form-field-name\" class=\"elementor-field-label elementor-screen-only\">\n\t\t\t\t\t\t\t\tNombre\t\t\t\t\t\t\t<\/label>\n\t\t\t\t\t\t\t\t\t\t\t\t\t\t<input size=\"1\" type=\"text\" name=\"form_fields[name]\" id=\"form-field-name\" class=\"elementor-field elementor-size-sm  elementor-field-textual\" placeholder=\"Nombre\" required=\"required\">\n\t\t\t\t\t\t\t\t\t\t\t<\/div>\n\t\t\t\t\t\t\t\t<div class=\"elementor-field-type-email elementor-field-group elementor-column elementor-field-group-email elementor-col-100 elementor-field-required\">\n\t\t\t\t\t\t\t\t\t\t\t\t<label for=\"form-field-email\" class=\"elementor-field-label elementor-screen-only\">\n\t\t\t\t\t\t\t\tCorreo electr\u00f3nico\t\t\t\t\t\t\t<\/label>\n\t\t\t\t\t\t\t\t\t\t\t\t\t\t<input size=\"1\" type=\"email\" name=\"form_fields[email]\" id=\"form-field-email\" class=\"elementor-field elementor-size-sm  elementor-field-textual\" placeholder=\"Correo electr\u00f3nico\" required=\"required\">\n\t\t\t\t\t\t\t\t\t\t\t<\/div>\n\t\t\t\t\t\t\t\t<div class=\"elementor-field-type-text elementor-field-group elementor-column elementor-field-group-field_4cd4d78 elementor-col-100\">\n\t\t\t\t\t\t\t\t\t\t\t\t<label for=\"form-field-field_4cd4d78\" class=\"elementor-field-label elementor-screen-only\">\n\t\t\t\t\t\t\t\tAsunto\t\t\t\t\t\t\t<\/label>\n\t\t\t\t\t\t\t\t\t\t\t\t\t\t<input size=\"1\" type=\"text\" name=\"form_fields[field_4cd4d78]\" id=\"form-field-field_4cd4d78\" class=\"elementor-field elementor-size-sm  elementor-field-textual\" placeholder=\"Asunto\">\n\t\t\t\t\t\t\t\t\t\t\t<\/div>\n\t\t\t\t\t\t\t\t<div class=\"elementor-field-type-textarea elementor-field-group elementor-column elementor-field-group-message elementor-col-100 elementor-field-required\">\n\t\t\t\t\t\t\t\t\t\t\t\t<label for=\"form-field-message\" class=\"elementor-field-label elementor-screen-only\">\n\t\t\t\t\t\t\t\tMensaje\t\t\t\t\t\t\t<\/label>\n\t\t\t\t\t\t<textarea class=\"elementor-field-textual elementor-field  elementor-size-sm\" name=\"form_fields[message]\" id=\"form-field-message\" rows=\"4\" placeholder=\"Mensaje\" required=\"required\"><\/textarea>\t\t\t\t<\/div>\n\t\t\t\t\t\t\t\t<div class=\"elementor-field-type-recaptcha_v3 elementor-field-group elementor-column elementor-field-group-field_137cefa elementor-col-100 recaptcha_v3-bottomright\">\n\t\t\t\t\t<div class=\"elementor-field\" id=\"form-field-field_137cefa\"><div class=\"elementor-g-recaptcha\" data-sitekey=\"6LfjdwIsAAAAAFI2pwydeKUdBK7COuUSPPCN6F3A\" data-type=\"v3\" data-action=\"Form\" data-badge=\"bottomright\" data-size=\"invisible\"><\/div><\/div>\t\t\t\t<\/div>\n\t\t\t\t\t\t\t\t<div class=\"elementor-field-group elementor-column elementor-field-type-submit elementor-col-100 e-form__buttons\">\n\t\t\t\t\t<button class=\"elementor-button elementor-size-sm\" type=\"submit\">\n\t\t\t\t\t\t<span class=\"elementor-button-content-wrapper\">\n\t\t\t\t\t\t\t\t\t\t\t\t\t\t\t\t\t\t\t\t\t\t<span class=\"elementor-button-text\">Enviar<\/span>\n\t\t\t\t\t\t\t\t\t\t\t\t\t<\/span>\n\t\t\t\t\t<\/button>\n\t\t\t\t<\/div>\n\t\t\t<\/div>\n\t\t<\/form>\n\t\t\t\t\t\t<\/div>\n\t\t\t\t<\/div>\n\t\t\t\t\t<\/div>\n\t\t\t\t<\/div>\n\t\t<div class=\"elementor-element elementor-element-7c7c4b4 e-con-full e-flex e-con e-parent\" data-id=\"7c7c4b4\" data-element_type=\"container\">\n\t\t<div class=\"elementor-element elementor-element-c82851e e-con-full e-flex e-con e-child\" data-id=\"c82851e\" data-element_type=\"container\">\n\t\t\t\t<div class=\"elementor-element elementor-element-a571602 elementor-widget elementor-widget-google_maps\" data-id=\"a571602\" data-element_type=\"widget\" data-widget_type=\"google_maps.default\">\n\t\t\t\t\t\t\t<div class=\"elementor-custom-embed\">\n\t\t\t<iframe loading=\"lazy\"\n\t\t\t\t\tsrc=\"https:\/\/maps.google.com\/maps?q=%203720%20Keith%20ST%20NW%2C%20Cleveland%2C%20TN%2037312&#038;t=m&#038;z=15&#038;output=embed&#038;iwloc=near\"\n\t\t\t\t\ttitle=\" 3720 Keith ST NW, Cleveland, TN 37312\"\n\t\t\t\t\taria-label=\" 3720 Keith ST NW, Cleveland, TN 37312\"\n\t\t\t><\/iframe>\n\t\t<\/div>\n\t\t\t\t\t\t<\/div>\n\t\t\t\t<\/div>\n\t\t\t\t<\/div>\n\t\t<div class=\"elementor-element elementor-element-5b9b986 e-flex e-con-boxed e-con e-parent\" data-id=\"5b9b986\" data-element_type=\"container\" data-settings=\"{&quot;background_background&quot;:&quot;classic&quot;}\">\n\t\t\t\t\t<div class=\"e-con-inner\">\n\t\t<div class=\"elementor-element elementor-element-be52408 e-con-full e-flex e-con e-child\" data-id=\"be52408\" data-element_type=\"container\">\n\t\t\t\t<div class=\"elementor-element elementor-element-4c07f35 elementor-align-center elementor-icon-list--layout-traditional elementor-list-item-link-full_width elementor-widget elementor-widget-icon-list\" data-id=\"4c07f35\" data-element_type=\"widget\" data-widget_type=\"icon-list.default\">\n\t\t\t\t\t\t\t<ul class=\"elementor-icon-list-items\">\n\t\t\t\t\t\t\t<li class=\"elementor-icon-list-item\">\n\t\t\t\t\t\t\t\t\t\t<span class=\"elementor-icon-list-text\">CONT\u00c1CTENOS<\/span>\n\t\t\t\t\t\t\t\t\t<\/li>\n\t\t\t\t\t\t<\/ul>\n\t\t\t\t\t\t<\/div>\n\t\t\t\t<div class=\"elementor-element elementor-element-9bcca2d elementor-widget elementor-widget-heading\" data-id=\"9bcca2d\" data-element_type=\"widget\" data-widget_type=\"heading.default\">\n\t\t\t\t\t<h2 class=\"elementor-heading-title elementor-size-default\">Comience a conversar con nosotros<\/h2>\t\t\t\t<\/div>\n\t\t\t\t<div class=\"elementor-element elementor-element-69429c9 elementor-widget elementor-widget-text-editor\" data-id=\"69429c9\" data-element_type=\"widget\" data-widget_type=\"text-editor.default\">\n\t\t\t\t\t\t\t\t\t<p>\u00bfNecesita orientaci\u00f3n en su decisi\u00f3n? Cont\u00e1ctenos durante las horas de oficina: Mon\u2013Fri, 8 AM\u20135 PM<\/p>\t\t\t\t\t\t\t\t<\/div>\n\t\t<div class=\"elementor-element elementor-element-5db7955 e-con-full e-flex e-con e-child\" data-id=\"5db7955\" data-element_type=\"container\">\n\t\t<div class=\"elementor-element elementor-element-1d1e973 e-con-full e-flex e-con e-child\" data-id=\"1d1e973\" data-element_type=\"container\">\n\t\t\t\t<div class=\"elementor-element elementor-element-99329aa ekit-equal-height-disable elementor-widget elementor-widget-elementskit-icon-box\" data-id=\"99329aa\" data-element_type=\"widget\" data-widget_type=\"elementskit-icon-box.default\">\n\t\t\t\t\t<div class=\"ekit-wid-con\" >        <!-- link opening -->\n                <a href=\"#\" class=\"ekit_global_links\">\n                <!-- end link opening -->\n\n        <div class=\"elementskit-infobox text-center text- icon-top-align elementor-animation-   \">\n                    <div class=\"elementskit-box-header elementor-animation-\">\n                <div class=\"elementskit-info-box-icon  \">\n                    <i aria-hidden=\"true\" class=\"elementkit-infobox-icon icon icon-map\"><\/i>\n                <\/div>\n          <\/div>\n                        <div class=\"box-body\">\n                            <h3 class=\"elementskit-info-box-title\">\n                    Ubicaci\u00f3n                <\/h3>\n                        \t\t  \t<p>3720 Keith ST NW, Cleveland, TN 37312<\/p>\n                                <\/div>\n        \n        \n                <\/div>\n                <\/a>\n        <\/div>\t\t\t\t<\/div>\n\t\t\t\t<\/div>\n\t\t<div class=\"elementor-element elementor-element-da8cacb e-con-full e-flex e-con e-child\" data-id=\"da8cacb\" data-element_type=\"container\">\n\t\t\t\t<div class=\"elementor-element elementor-element-1e52b2b ekit-equal-height-disable elementor-widget elementor-widget-elementskit-icon-box\" data-id=\"1e52b2b\" data-element_type=\"widget\" data-widget_type=\"elementskit-icon-box.default\">\n\t\t\t\t\t<div class=\"ekit-wid-con\" >        <!-- link opening -->\n                <a href=\"#\" class=\"ekit_global_links\">\n                <!-- end link opening -->\n\n        <div class=\"elementskit-infobox text-center text- icon-top-align elementor-animation-   \">\n                    <div class=\"elementskit-box-header elementor-animation-\">\n                <div class=\"elementskit-info-box-icon  \">\n                    <i aria-hidden=\"true\" class=\"elementkit-infobox-icon icon icon-phone-call2\"><\/i>\n                <\/div>\n          <\/div>\n                        <div class=\"box-body\">\n                            <h3 class=\"elementskit-info-box-title\">\n                    Ll\u00e1menos                <\/h3>\n                        \t\t  \t<p>423-559-5331<\/p>\n                                <\/div>\n        \n        \n                <\/div>\n                <\/a>\n        <\/div>\t\t\t\t<\/div>\n\t\t\t\t<\/div>\n\t\t<div class=\"elementor-element elementor-element-3544b7e e-con-full e-flex e-con e-child\" data-id=\"3544b7e\" data-element_type=\"container\">\n\t\t\t\t<div class=\"elementor-element elementor-element-88e29f4 ekit-equal-height-disable elementor-widget elementor-widget-elementskit-icon-box\" data-id=\"88e29f4\" data-element_type=\"widget\" data-widget_type=\"elementskit-icon-box.default\">\n\t\t\t\t\t<div class=\"ekit-wid-con\" >        <!-- link opening -->\n                <a href=\"#\" class=\"ekit_global_links\">\n                <!-- end link opening -->\n\n        <div class=\"elementskit-infobox text-center text- icon-top-align elementor-animation-   \">\n                    <div class=\"elementskit-box-header elementor-animation-\">\n                <div class=\"elementskit-info-box-icon  \">\n                    <i aria-hidden=\"true\" class=\"elementkit-infobox-icon icon icon-envelope3\"><\/i>\n                <\/div>\n          <\/div>\n                        <div class=\"box-body\">\n                            <h3 class=\"elementskit-info-box-title\">\n                    Escr\u00edbanos                <\/h3>\n                        \t\t  \t<p>amd@cogop.org<\/p>\n                                <\/div>\n        \n        \n                <\/div>\n                <\/a>\n        <\/div>\t\t\t\t<\/div>\n\t\t\t\t<\/div>\n\t\t\t\t<\/div>\n\t\t\t\t<\/div>\n\t\t\t\t\t<\/div>\n\t\t\t\t<\/div>\n\t\t\t\t<\/div>\n\t\t","protected":false},"excerpt":{"rendered":"<p>Contacto P\u00e1gina principal \/ Contacto ENVIAR UN MENSAJE Estamos aqu\u00ed para ayudarle. \u00bfTiene preguntas sobre los programas, las admisiones o las becas? Estamos aqu\u00ed para ayudarle. CONT\u00c1CTENOS Comience a conversar con nosotros \u00bfNecesita orientaci\u00f3n en su decisi\u00f3n? Cont\u00e1ctenos durante las horas de oficina: Mon\u2013Fri, 8 AM\u20135 PM Ubicaci\u00f3n 3720 Keith ST NW, Cleveland, TN 37312 [&hellip;]<\/p>\n","protected":false},"author":1,"featured_media":0,"parent":0,"menu_order":0,"comment_status":"closed","ping_status":"closed","template":"elementor_header_footer","meta":{"footnotes":""},"class_list":["post-1051","page","type-page","status-publish","hentry"],"yoast_head":"<!-- This site is optimized with the Yoast SEO plugin v26.8 - https:\/\/yoast.com\/product\/yoast-seo-wordpress\/ -->\n<title>Cont\u00e1ctenos | Accredited Ministry Development<\/title>\n<meta name=\"robots\" content=\"index, follow, max-snippet:-1, max-image-preview:large, max-video-preview:-1\" \/>\n<link rel=\"canonical\" href=\"https:\/\/cogopamd.org\/es\/contactenos\/\" \/>\n<meta property=\"og:locale\" content=\"es_ES\" \/>\n<meta property=\"og:type\" content=\"article\" \/>\n<meta property=\"og:title\" content=\"Cont\u00e1ctenos | Accredited Ministry Development\" \/>\n<meta property=\"og:description\" content=\"Contacto P\u00e1gina principal \/ Contacto ENVIAR UN MENSAJE Estamos aqu\u00ed para ayudarle. \u00bfTiene preguntas sobre los programas, las admisiones o las becas? Estamos aqu\u00ed para ayudarle. CONT\u00c1CTENOS Comience a conversar con nosotros \u00bfNecesita orientaci\u00f3n en su decisi\u00f3n? Cont\u00e1ctenos durante las horas de oficina: Mon\u2013Fri, 8 AM\u20135 PM Ubicaci\u00f3n 3720 Keith ST NW, Cleveland, TN 37312 [&hellip;]\" \/>\n<meta property=\"og:url\" content=\"https:\/\/cogopamd.org\/es\/contactenos\/\" \/>\n<meta property=\"og:site_name\" content=\"Accredited Ministry Development\" \/>\n<meta property=\"article:publisher\" content=\"https:\/\/www.facebook.com\/cogopamd\" \/>\n<meta property=\"article:modified_time\" content=\"2025-12-08T20:39:06+00:00\" \/>\n<meta property=\"og:image\" content=\"https:\/\/cogopamd.org\/wp-content\/uploads\/2025\/11\/opt-seo.webp\" \/>\n\t<meta property=\"og:image:width\" content=\"1200\" \/>\n\t<meta property=\"og:image:height\" content=\"630\" \/>\n\t<meta property=\"og:image:type\" content=\"image\/webp\" \/>\n<meta name=\"twitter:card\" content=\"summary_large_image\" \/>\n<script type=\"application\/ld+json\" class=\"yoast-schema-graph\">{\"@context\":\"https:\/\/schema.org\",\"@graph\":[{\"@type\":\"WebPage\",\"@id\":\"https:\/\/cogopamd.org\/es\/contactenos\/\",\"url\":\"https:\/\/cogopamd.org\/es\/contactenos\/\",\"name\":\"Cont\u00e1ctenos | Accredited Ministry Development\",\"isPartOf\":{\"@id\":\"https:\/\/cogopamd.org\/#website\"},\"datePublished\":\"2025-09-17T18:39:12+00:00\",\"dateModified\":\"2025-12-08T20:39:06+00:00\",\"breadcrumb\":{\"@id\":\"https:\/\/cogopamd.org\/es\/contactenos\/#breadcrumb\"},\"inLanguage\":\"es\",\"potentialAction\":[{\"@type\":\"ReadAction\",\"target\":[\"https:\/\/cogopamd.org\/es\/contactenos\/\"]}]},{\"@type\":\"BreadcrumbList\",\"@id\":\"https:\/\/cogopamd.org\/es\/contactenos\/#breadcrumb\",\"itemListElement\":[{\"@type\":\"ListItem\",\"position\":1,\"name\":\"Home\",\"item\":\"https:\/\/cogopamd.org\/es\/\"},{\"@type\":\"ListItem\",\"position\":2,\"name\":\"Cont\u00e1ctenos\"}]},{\"@type\":\"WebSite\",\"@id\":\"https:\/\/cogopamd.org\/#website\",\"url\":\"https:\/\/cogopamd.org\/\",\"name\":\"Accredited Ministry Development\",\"description\":\"Accredited Ministry Development is part of the Leadership Development &amp; Discipleship Ministries of the Church of God of Prophecy.\",\"publisher\":{\"@id\":\"https:\/\/cogopamd.org\/#organization\"},\"alternateName\":\"AMD COGOP\",\"potentialAction\":[{\"@type\":\"SearchAction\",\"target\":{\"@type\":\"EntryPoint\",\"urlTemplate\":\"https:\/\/cogopamd.org\/?s={search_term_string}\"},\"query-input\":{\"@type\":\"PropertyValueSpecification\",\"valueRequired\":true,\"valueName\":\"search_term_string\"}}],\"inLanguage\":\"es\"},{\"@type\":\"Organization\",\"@id\":\"https:\/\/cogopamd.org\/#organization\",\"name\":\"Church of God of Prophecy \u2013 Leadership Development & Discipleship \u2013 Accredited Ministry Development\",\"alternateName\":\"COGOP - LDD - AMD\",\"url\":\"https:\/\/cogopamd.org\/\",\"logo\":{\"@type\":\"ImageObject\",\"inLanguage\":\"es\",\"@id\":\"https:\/\/cogopamd.org\/#\/schema\/logo\/image\/\",\"url\":\"https:\/\/cogopamd.org\/wp-content\/uploads\/2025\/11\/opt-seo.webp\",\"contentUrl\":\"https:\/\/cogopamd.org\/wp-content\/uploads\/2025\/11\/opt-seo.webp\",\"width\":1200,\"height\":630,\"caption\":\"Church of God of Prophecy \u2013 Leadership Development & Discipleship \u2013 Accredited Ministry Development\"},\"image\":{\"@id\":\"https:\/\/cogopamd.org\/#\/schema\/logo\/image\/\"},\"sameAs\":[\"https:\/\/www.facebook.com\/cogopamd\"]}]}<\/script>\n<!-- \/ Yoast SEO plugin. -->","yoast_head_json":{"title":"Cont\u00e1ctenos | Accredited Ministry Development","robots":{"index":"index","follow":"follow","max-snippet":"max-snippet:-1","max-image-preview":"max-image-preview:large","max-video-preview":"max-video-preview:-1"},"canonical":"https:\/\/cogopamd.org\/es\/contactenos\/","og_locale":"es_ES","og_type":"article","og_title":"Cont\u00e1ctenos | Accredited Ministry Development","og_description":"Contacto P\u00e1gina principal \/ Contacto ENVIAR UN MENSAJE Estamos aqu\u00ed para ayudarle. \u00bfTiene preguntas sobre los programas, las admisiones o las becas? Estamos aqu\u00ed para ayudarle. CONT\u00c1CTENOS Comience a conversar con nosotros \u00bfNecesita orientaci\u00f3n en su decisi\u00f3n? Cont\u00e1ctenos durante las horas de oficina: Mon\u2013Fri, 8 AM\u20135 PM Ubicaci\u00f3n 3720 Keith ST NW, Cleveland, TN 37312 [&hellip;]","og_url":"https:\/\/cogopamd.org\/es\/contactenos\/","og_site_name":"Accredited Ministry Development","article_publisher":"https:\/\/www.facebook.com\/cogopamd","article_modified_time":"2025-12-08T20:39:06+00:00","og_image":[{"width":1200,"height":630,"url":"https:\/\/cogopamd.org\/wp-content\/uploads\/2025\/11\/opt-seo.webp","type":"image\/webp"}],"twitter_card":"summary_large_image","schema":{"@context":"https:\/\/schema.org","@graph":[{"@type":"WebPage","@id":"https:\/\/cogopamd.org\/es\/contactenos\/","url":"https:\/\/cogopamd.org\/es\/contactenos\/","name":"Cont\u00e1ctenos | Accredited Ministry Development","isPartOf":{"@id":"https:\/\/cogopamd.org\/#website"},"datePublished":"2025-09-17T18:39:12+00:00","dateModified":"2025-12-08T20:39:06+00:00","breadcrumb":{"@id":"https:\/\/cogopamd.org\/es\/contactenos\/#breadcrumb"},"inLanguage":"es","potentialAction":[{"@type":"ReadAction","target":["https:\/\/cogopamd.org\/es\/contactenos\/"]}]},{"@type":"BreadcrumbList","@id":"https:\/\/cogopamd.org\/es\/contactenos\/#breadcrumb","itemListElement":[{"@type":"ListItem","position":1,"name":"Home","item":"https:\/\/cogopamd.org\/es\/"},{"@type":"ListItem","position":2,"name":"Cont\u00e1ctenos"}]},{"@type":"WebSite","@id":"https:\/\/cogopamd.org\/#website","url":"https:\/\/cogopamd.org\/","name":"Accredited Ministry Development","description":"Accredited Ministry Development is part of the Leadership Development &amp; Discipleship Ministries of the Church of God of Prophecy.","publisher":{"@id":"https:\/\/cogopamd.org\/#organization"},"alternateName":"AMD COGOP","potentialAction":[{"@type":"SearchAction","target":{"@type":"EntryPoint","urlTemplate":"https:\/\/cogopamd.org\/?s={search_term_string}"},"query-input":{"@type":"PropertyValueSpecification","valueRequired":true,"valueName":"search_term_string"}}],"inLanguage":"es"},{"@type":"Organization","@id":"https:\/\/cogopamd.org\/#organization","name":"Church of God of Prophecy \u2013 Leadership Development & Discipleship \u2013 Accredited Ministry Development","alternateName":"COGOP - LDD - AMD","url":"https:\/\/cogopamd.org\/","logo":{"@type":"ImageObject","inLanguage":"es","@id":"https:\/\/cogopamd.org\/#\/schema\/logo\/image\/","url":"https:\/\/cogopamd.org\/wp-content\/uploads\/2025\/11\/opt-seo.webp","contentUrl":"https:\/\/cogopamd.org\/wp-content\/uploads\/2025\/11\/opt-seo.webp","width":1200,"height":630,"caption":"Church of God of Prophecy \u2013 Leadership Development & Discipleship \u2013 Accredited Ministry Development"},"image":{"@id":"https:\/\/cogopamd.org\/#\/schema\/logo\/image\/"},"sameAs":["https:\/\/www.facebook.com\/cogopamd"]}]}},"_links":{"self":[{"href":"https:\/\/cogopamd.org\/es\/wp-json\/wp\/v2\/pages\/1051","targetHints":{"allow":["GET"]}}],"collection":[{"href":"https:\/\/cogopamd.org\/es\/wp-json\/wp\/v2\/pages"}],"about":[{"href":"https:\/\/cogopamd.org\/es\/wp-json\/wp\/v2\/types\/page"}],"author":[{"embeddable":true,"href":"https:\/\/cogopamd.org\/es\/wp-json\/wp\/v2\/users\/1"}],"replies":[{"embeddable":true,"href":"https:\/\/cogopamd.org\/es\/wp-json\/wp\/v2\/comments?post=1051"}],"version-history":[{"count":3,"href":"https:\/\/cogopamd.org\/es\/wp-json\/wp\/v2\/pages\/1051\/revisions"}],"predecessor-version":[{"id":1120,"href":"https:\/\/cogopamd.org\/es\/wp-json\/wp\/v2\/pages\/1051\/revisions\/1120"}],"wp:attachment":[{"href":"https:\/\/cogopamd.org\/es\/wp-json\/wp\/v2\/media?parent=1051"}],"curies":[{"name":"wp","href":"https:\/\/api.w.org\/{rel}","templated":true}]}}