{"id":1067,"date":"2025-09-17T14:38:53","date_gmt":"2025-09-17T14:38:53","guid":{"rendered":"https:\/\/cogopamd.org\/nuestro-personal\/"},"modified":"2025-12-09T15:46:12","modified_gmt":"2025-12-09T15:46:12","slug":"nuestro-personal","status":"publish","type":"page","link":"https:\/\/cogopamd.org\/es\/nuestro-personal\/","title":{"rendered":"Nuestro personal"},"content":{"rendered":"\t\t<div data-elementor-type=\"wp-page\" data-elementor-id=\"1067\" class=\"elementor elementor-1067 elementor-255\" data-elementor-post-type=\"page\">\n\t\t\t\t<div class=\"elementor-element elementor-element-ca094d8 e-flex e-con-boxed e-con e-parent\" data-id=\"ca094d8\" data-element_type=\"container\" data-settings=\"{&quot;background_background&quot;:&quot;classic&quot;}\">\n\t\t\t\t\t<div class=\"e-con-inner\">\n\t\t<div class=\"elementor-element elementor-element-7f2a631 e-con-full e-flex e-con e-child\" data-id=\"7f2a631\" data-element_type=\"container\">\n\t\t\t\t<div class=\"elementor-element elementor-element-ac3a063 elementor-widget elementor-widget-heading\" data-id=\"ac3a063\" data-element_type=\"widget\" data-widget_type=\"heading.default\">\n\t\t\t\t\t<h2 class=\"elementor-heading-title elementor-size-default\">Nuestro personal<\/h2>\t\t\t\t<\/div>\n\t\t\t\t<div class=\"elementor-element elementor-element-4e89d53 elementor-widget elementor-widget-text-editor\" data-id=\"4e89d53\" data-element_type=\"widget\" data-widget_type=\"text-editor.default\">\n\t\t\t\t\t\t\t\t\t<p><a href=\"https:\/\/cogopamd.org\/es\/\">P\u00e1gina principal<\/a> \/ <a href=\"https:\/\/cogopamd.org\/es\/sobre-nosotros\/\">Sobre nosotros<\/a> \/ Nuestro personal<\/p>\t\t\t\t\t\t\t\t<\/div>\n\t\t\t\t<\/div>\n\t\t\t\t\t<\/div>\n\t\t\t\t<\/div>\n\t\t<div class=\"elementor-element elementor-element-b21336a e-flex e-con-boxed e-con e-parent\" data-id=\"b21336a\" data-element_type=\"container\" data-settings=\"{&quot;background_background&quot;:&quot;classic&quot;}\">\n\t\t\t\t\t<div class=\"e-con-inner\">\n\t\t<div class=\"elementor-element elementor-element-01bb0f2 e-con-full e-flex e-con e-child\" data-id=\"01bb0f2\" data-element_type=\"container\">\n\t\t\t\t<div class=\"elementor-element elementor-element-038db96 elementor-align-center elementor-icon-list--layout-traditional elementor-list-item-link-full_width elementor-widget elementor-widget-icon-list\" data-id=\"038db96\" data-element_type=\"widget\" data-widget_type=\"icon-list.default\">\n\t\t\t\t\t\t\t<ul class=\"elementor-icon-list-items\">\n\t\t\t\t\t\t\t<li class=\"elementor-icon-list-item\">\n\t\t\t\t\t\t\t\t\t\t<span class=\"elementor-icon-list-text\">CONOZCA A NUESTRO EQUIPO<\/span>\n\t\t\t\t\t\t\t\t\t<\/li>\n\t\t\t\t\t\t<\/ul>\n\t\t\t\t\t\t<\/div>\n\t\t\t\t<div class=\"elementor-element elementor-element-b50bbb6 elementor-widget elementor-widget-heading\" data-id=\"b50bbb6\" data-element_type=\"widget\" data-widget_type=\"heading.default\">\n\t\t\t\t\t<h2 class=\"elementor-heading-title elementor-size-default\">El personal del DMA<\/h2>\t\t\t\t<\/div>\n\t\t\t\t<div class=\"elementor-element elementor-element-3dc7e31 elementor-widget elementor-widget-text-editor\" data-id=\"3dc7e31\" data-element_type=\"widget\" data-widget_type=\"text-editor.default\">\n\t\t\t\t\t\t\t\t\t<p>Equipando l\u00edderes a trav\u00e9s de una educaci\u00f3n Cristoc\u00e9ntrica y teol\u00f3gicamente s\u00f3lida.<\/p>\t\t\t\t\t\t\t\t<\/div>\n\t\t<div class=\"elementor-element elementor-element-a1b0925 e-con-full e-flex e-con e-child\" data-id=\"a1b0925\" data-element_type=\"container\">\n\t\t<div class=\"elementor-element elementor-element-f9710cc e-con-full e-flex e-con e-child\" data-id=\"f9710cc\" data-element_type=\"container\" data-settings=\"{&quot;background_background&quot;:&quot;classic&quot;}\">\n\t\t\t\t<div class=\"elementor-element elementor-element-d62f1f1 elementor-widget elementor-widget-image\" data-id=\"d62f1f1\" data-element_type=\"widget\" data-widget_type=\"image.default\">\n\t\t\t\t\t\t\t\t\t\t\t\t\t\t\t\t<a href=\"#elementor-action%3Aaction%3Dpopup%3Aopen%26settings%3DeyJpZCI6MTIzOCwidG9nZ2xlIjpmYWxzZX0%3D\">\n\t\t\t\t\t\t\t<img fetchpriority=\"high\" decoding=\"async\" width=\"524\" height=\"420\" src=\"https:\/\/cogopamd.org\/wp-content\/uploads\/2025\/09\/hernandez.webp\" class=\"attachment-full size-full wp-image-1061\" alt=\"\" srcset=\"https:\/\/cogopamd.org\/wp-content\/uploads\/2025\/09\/hernandez.webp 524w, https:\/\/cogopamd.org\/wp-content\/uploads\/2025\/09\/hernandez-300x240.webp 300w\" sizes=\"(max-width: 524px) 100vw, 524px\" \/>\t\t\t\t\t\t\t\t<\/a>\n\t\t\t\t\t\t\t\t\t\t\t\t\t\t\t<\/div>\n\t\t\t\t<div class=\"elementor-element elementor-element-70206ab elementor-widget elementor-widget-heading\" data-id=\"70206ab\" data-element_type=\"widget\" data-widget_type=\"heading.default\">\n\t\t\t\t\t<h5 class=\"elementor-heading-title elementor-size-default\">Dr. Michael Hern\u00e1ndez<\/h5>\t\t\t\t<\/div>\n\t\t\t\t<div class=\"elementor-element elementor-element-d2e106e elementor-widget elementor-widget-heading\" data-id=\"d2e106e\" data-element_type=\"widget\" data-widget_type=\"heading.default\">\n\t\t\t\t\t<span class=\"elementor-heading-title elementor-size-default\">Director del DMA<br>Presidente del SEVi<\/span>\t\t\t\t<\/div>\n\t\t\t\t<\/div>\n\t\t<div class=\"elementor-element elementor-element-7c7513b e-con-full e-flex e-con e-child\" data-id=\"7c7513b\" data-element_type=\"container\" data-settings=\"{&quot;background_background&quot;:&quot;classic&quot;}\">\n\t\t\t\t<div class=\"elementor-element elementor-element-d309aef elementor-widget elementor-widget-image\" data-id=\"d309aef\" data-element_type=\"widget\" data-widget_type=\"image.default\">\n\t\t\t\t\t\t\t\t\t\t\t\t\t\t\t\t<a href=\"#elementor-action%3Aaction%3Dpopup%3Aopen%26settings%3DeyJpZCI6MTIzNiwidG9nZ2xlIjpmYWxzZX0%3D\">\n\t\t\t\t\t\t\t<img decoding=\"async\" width=\"524\" height=\"420\" src=\"https:\/\/cogopamd.org\/wp-content\/uploads\/2025\/09\/murza.webp\" class=\"attachment-full size-full wp-image-1062\" alt=\"\" srcset=\"https:\/\/cogopamd.org\/wp-content\/uploads\/2025\/09\/murza.webp 524w, https:\/\/cogopamd.org\/wp-content\/uploads\/2025\/09\/murza-300x240.webp 300w\" sizes=\"(max-width: 524px) 100vw, 524px\" \/>\t\t\t\t\t\t\t\t<\/a>\n\t\t\t\t\t\t\t\t\t\t\t\t\t\t\t<\/div>\n\t\t\t\t<div class=\"elementor-element elementor-element-9842ee6 elementor-widget elementor-widget-heading\" data-id=\"9842ee6\" data-element_type=\"widget\" data-widget_type=\"heading.default\">\n\t\t\t\t\t<h5 class=\"elementor-heading-title elementor-size-default\">Albert Murza<\/h5>\t\t\t\t<\/div>\n\t\t\t\t<div class=\"elementor-element elementor-element-d677d53 elementor-widget elementor-widget-heading\" data-id=\"d677d53\" data-element_type=\"widget\" data-widget_type=\"heading.default\">\n\t\t\t\t\t<span class=\"elementor-heading-title elementor-size-default\">Decano acad\u00e9mico<\/span>\t\t\t\t<\/div>\n\t\t\t\t<\/div>\n\t\t<div class=\"elementor-element elementor-element-05cfcc9 e-con-full e-flex e-con e-child\" data-id=\"05cfcc9\" data-element_type=\"container\" data-settings=\"{&quot;background_background&quot;:&quot;classic&quot;}\">\n\t\t\t\t<div class=\"elementor-element elementor-element-5a7a351 elementor-widget elementor-widget-image\" data-id=\"5a7a351\" data-element_type=\"widget\" data-widget_type=\"image.default\">\n\t\t\t\t\t\t\t\t\t\t\t\t\t\t\t\t<a href=\"#elementor-action%3Aaction%3Dpopup%3Aopen%26settings%3DeyJpZCI6MTIzNCwidG9nZ2xlIjpmYWxzZX0%3D\">\n\t\t\t\t\t\t\t<img decoding=\"async\" width=\"524\" height=\"420\" src=\"https:\/\/cogopamd.org\/wp-content\/uploads\/2025\/09\/coleman.webp\" class=\"attachment-full size-full wp-image-1063\" alt=\"\" srcset=\"https:\/\/cogopamd.org\/wp-content\/uploads\/2025\/09\/coleman.webp 524w, https:\/\/cogopamd.org\/wp-content\/uploads\/2025\/09\/coleman-300x240.webp 300w\" sizes=\"(max-width: 524px) 100vw, 524px\" \/>\t\t\t\t\t\t\t\t<\/a>\n\t\t\t\t\t\t\t\t\t\t\t\t\t\t\t<\/div>\n\t\t\t\t<div class=\"elementor-element elementor-element-edcfd76 elementor-widget elementor-widget-heading\" data-id=\"edcfd76\" data-element_type=\"widget\" data-widget_type=\"heading.default\">\n\t\t\t\t\t<h5 class=\"elementor-heading-title elementor-size-default\">Jacob Coleman<\/h5>\t\t\t\t<\/div>\n\t\t\t\t<div class=\"elementor-element elementor-element-f6ba628 elementor-widget elementor-widget-heading\" data-id=\"f6ba628\" data-element_type=\"widget\" data-widget_type=\"heading.default\">\n\t\t\t\t\t<span class=\"elementor-heading-title elementor-size-default\">Gerente de la oficina de finanzas<\/span>\t\t\t\t<\/div>\n\t\t\t\t<\/div>\n\t\t\t\t<\/div>\n\t\t<div class=\"elementor-element elementor-element-2ca3366 e-con-full e-flex e-con e-child\" data-id=\"2ca3366\" data-element_type=\"container\">\n\t\t<div class=\"elementor-element elementor-element-8448f0b e-con-full e-flex e-con e-child\" data-id=\"8448f0b\" data-element_type=\"container\" data-settings=\"{&quot;background_background&quot;:&quot;classic&quot;}\">\n\t\t\t\t<div class=\"elementor-element elementor-element-b63dea3 elementor-widget elementor-widget-image\" data-id=\"b63dea3\" data-element_type=\"widget\" data-widget_type=\"image.default\">\n\t\t\t\t\t\t\t\t\t\t\t\t\t\t\t\t<a href=\"#elementor-action%3Aaction%3Dpopup%3Aopen%26settings%3DeyJpZCI6MTIzMiwidG9nZ2xlIjpmYWxzZX0%3D\">\n\t\t\t\t\t\t\t<img loading=\"lazy\" decoding=\"async\" width=\"524\" height=\"420\" src=\"https:\/\/cogopamd.org\/wp-content\/uploads\/2025\/09\/Freeman.webp\" class=\"attachment-full size-full wp-image-1064\" alt=\"\" srcset=\"https:\/\/cogopamd.org\/wp-content\/uploads\/2025\/09\/Freeman.webp 524w, https:\/\/cogopamd.org\/wp-content\/uploads\/2025\/09\/Freeman-300x240.webp 300w\" sizes=\"(max-width: 524px) 100vw, 524px\" \/>\t\t\t\t\t\t\t\t<\/a>\n\t\t\t\t\t\t\t\t\t\t\t\t\t\t\t<\/div>\n\t\t\t\t<div class=\"elementor-element elementor-element-6cfb6ab elementor-widget elementor-widget-heading\" data-id=\"6cfb6ab\" data-element_type=\"widget\" data-widget_type=\"heading.default\">\n\t\t\t\t\t<h5 class=\"elementor-heading-title elementor-size-default\">Debbie Freeman<\/h5>\t\t\t\t<\/div>\n\t\t\t\t<div class=\"elementor-element elementor-element-5ad9af0 elementor-widget elementor-widget-heading\" data-id=\"5ad9af0\" data-element_type=\"widget\" data-widget_type=\"heading.default\">\n\t\t\t\t\t<span class=\"elementor-heading-title elementor-size-default\">Gerente de la oficina de registro y coordinadora de servicios para los estudiantes<\/span>\t\t\t\t<\/div>\n\t\t\t\t<\/div>\n\t\t<div class=\"elementor-element elementor-element-2ddd6e3 e-con-full e-flex e-con e-child\" data-id=\"2ddd6e3\" data-element_type=\"container\" data-settings=\"{&quot;background_background&quot;:&quot;classic&quot;}\">\n\t\t\t\t<div class=\"elementor-element elementor-element-28838ab elementor-widget elementor-widget-image\" data-id=\"28838ab\" data-element_type=\"widget\" data-widget_type=\"image.default\">\n\t\t\t\t\t\t\t\t\t\t\t\t\t\t\t\t<a href=\"#elementor-action%3Aaction%3Dpopup%3Aopen%26settings%3DeyJpZCI6MTIzMCwidG9nZ2xlIjpmYWxzZX0%3D\">\n\t\t\t\t\t\t\t<img loading=\"lazy\" decoding=\"async\" width=\"524\" height=\"420\" src=\"https:\/\/cogopamd.org\/wp-content\/uploads\/2025\/09\/brewer.webp\" class=\"attachment-full size-full wp-image-1065\" alt=\"\" srcset=\"https:\/\/cogopamd.org\/wp-content\/uploads\/2025\/09\/brewer.webp 524w, https:\/\/cogopamd.org\/wp-content\/uploads\/2025\/09\/brewer-300x240.webp 300w\" sizes=\"(max-width: 524px) 100vw, 524px\" \/>\t\t\t\t\t\t\t\t<\/a>\n\t\t\t\t\t\t\t\t\t\t\t\t\t\t\t<\/div>\n\t\t\t\t<div class=\"elementor-element elementor-element-4a511c9 elementor-widget elementor-widget-heading\" data-id=\"4a511c9\" data-element_type=\"widget\" data-widget_type=\"heading.default\">\n\t\t\t\t\t<h5 class=\"elementor-heading-title elementor-size-default\">Gayla Cassidy Brewer<\/h5>\t\t\t\t<\/div>\n\t\t\t\t<div class=\"elementor-element elementor-element-05bb98c elementor-widget elementor-widget-heading\" data-id=\"05bb98c\" data-element_type=\"widget\" data-widget_type=\"heading.default\">\n\t\t\t\t\t<span class=\"elementor-heading-title elementor-size-default\">Directora de los servicios de la biblioteca<\/span>\t\t\t\t<\/div>\n\t\t\t\t<\/div>\n\t\t<div class=\"elementor-element elementor-element-1cf5bca e-con-full e-flex e-con e-child\" data-id=\"1cf5bca\" data-element_type=\"container\" data-settings=\"{&quot;background_background&quot;:&quot;classic&quot;}\">\n\t\t\t\t<div class=\"elementor-element elementor-element-bb68a8b elementor-widget elementor-widget-image\" data-id=\"bb68a8b\" data-element_type=\"widget\" data-widget_type=\"image.default\">\n\t\t\t\t\t\t\t\t\t\t\t\t\t\t\t\t<a href=\"#elementor-action%3Aaction%3Dpopup%3Aopen%26settings%3DeyJpZCI6MTIyOCwidG9nZ2xlIjpmYWxzZX0%3D\">\n\t\t\t\t\t\t\t<img loading=\"lazy\" decoding=\"async\" width=\"524\" height=\"420\" src=\"https:\/\/cogopamd.org\/wp-content\/uploads\/2025\/09\/sidney.webp\" class=\"attachment-full size-full wp-image-1066\" alt=\"\" srcset=\"https:\/\/cogopamd.org\/wp-content\/uploads\/2025\/09\/sidney.webp 524w, https:\/\/cogopamd.org\/wp-content\/uploads\/2025\/09\/sidney-300x240.webp 300w\" sizes=\"(max-width: 524px) 100vw, 524px\" \/>\t\t\t\t\t\t\t\t<\/a>\n\t\t\t\t\t\t\t\t\t\t\t\t\t\t\t<\/div>\n\t\t\t\t<div class=\"elementor-element elementor-element-1c2996a elementor-widget elementor-widget-heading\" data-id=\"1c2996a\" data-element_type=\"widget\" data-widget_type=\"heading.default\">\n\t\t\t\t\t<h5 class=\"elementor-heading-title elementor-size-default\">Carimet Sidney<\/h5>\t\t\t\t<\/div>\n\t\t\t\t<div class=\"elementor-element elementor-element-8a4c065 elementor-widget elementor-widget-heading\" data-id=\"8a4c065\" data-element_type=\"widget\" data-widget_type=\"heading.default\">\n\t\t\t\t\t<span class=\"elementor-heading-title elementor-size-default\">Gerente de admisiones y promoci\u00f3n<\/span>\t\t\t\t<\/div>\n\t\t\t\t<\/div>\n\t\t\t\t<\/div>\n\t\t\t\t<\/div>\n\t\t\t\t\t<\/div>\n\t\t\t\t<\/div>\n\t\t\t\t<\/div>\n\t\t","protected":false},"excerpt":{"rendered":"<p>Nuestro personal P\u00e1gina principal \/ Sobre nosotros \/ Nuestro personal CONOZCA A NUESTRO EQUIPO El personal del DMA Equipando l\u00edderes a trav\u00e9s de una educaci\u00f3n Cristoc\u00e9ntrica y teol\u00f3gicamente s\u00f3lida. Dr. Michael Hern\u00e1ndez Director del DMAPresidente del SEVi Albert Murza Decano acad\u00e9mico Jacob Coleman Gerente de la oficina de finanzas Debbie Freeman Gerente de la oficina [&hellip;]<\/p>\n","protected":false},"author":1,"featured_media":0,"parent":0,"menu_order":0,"comment_status":"closed","ping_status":"closed","template":"elementor_header_footer","meta":{"footnotes":""},"class_list":["post-1067","page","type-page","status-publish","hentry"],"yoast_head":"<!-- This site is optimized with the Yoast SEO plugin v26.8 - https:\/\/yoast.com\/product\/yoast-seo-wordpress\/ -->\n<title>Nuestro personal | Accredited Ministry Development<\/title>\n<meta name=\"robots\" content=\"index, follow, max-snippet:-1, max-image-preview:large, max-video-preview:-1\" \/>\n<link rel=\"canonical\" href=\"https:\/\/cogopamd.org\/es\/nuestro-personal\/\" \/>\n<meta property=\"og:locale\" content=\"es_ES\" \/>\n<meta property=\"og:type\" content=\"article\" \/>\n<meta property=\"og:title\" content=\"Nuestro personal | Accredited Ministry Development\" \/>\n<meta property=\"og:description\" content=\"Nuestro personal P\u00e1gina principal \/ Sobre nosotros \/ Nuestro personal CONOZCA A NUESTRO EQUIPO El personal del DMA Equipando l\u00edderes a trav\u00e9s de una educaci\u00f3n Cristoc\u00e9ntrica y teol\u00f3gicamente s\u00f3lida. Dr. Michael Hern\u00e1ndez Director del DMAPresidente del SEVi Albert Murza Decano acad\u00e9mico Jacob Coleman Gerente de la oficina de finanzas Debbie Freeman Gerente de la oficina [&hellip;]\" \/>\n<meta property=\"og:url\" content=\"https:\/\/cogopamd.org\/es\/nuestro-personal\/\" \/>\n<meta property=\"og:site_name\" content=\"Accredited Ministry Development\" \/>\n<meta property=\"article:publisher\" content=\"https:\/\/www.facebook.com\/cogopamd\" \/>\n<meta property=\"article:modified_time\" content=\"2025-12-09T15:46:12+00:00\" \/>\n<meta property=\"og:image\" content=\"https:\/\/cogopamd.org\/wp-content\/uploads\/2025\/09\/hernandez.webp\" \/>\n\t<meta property=\"og:image:width\" content=\"524\" \/>\n\t<meta property=\"og:image:height\" content=\"420\" \/>\n\t<meta property=\"og:image:type\" content=\"image\/webp\" \/>\n<meta name=\"twitter:card\" content=\"summary_large_image\" \/>\n<script type=\"application\/ld+json\" class=\"yoast-schema-graph\">{\"@context\":\"https:\/\/schema.org\",\"@graph\":[{\"@type\":\"WebPage\",\"@id\":\"https:\/\/cogopamd.org\/es\/nuestro-personal\/\",\"url\":\"https:\/\/cogopamd.org\/es\/nuestro-personal\/\",\"name\":\"Nuestro personal | Accredited Ministry Development\",\"isPartOf\":{\"@id\":\"https:\/\/cogopamd.org\/#website\"},\"primaryImageOfPage\":{\"@id\":\"https:\/\/cogopamd.org\/es\/nuestro-personal\/#primaryimage\"},\"image\":{\"@id\":\"https:\/\/cogopamd.org\/es\/nuestro-personal\/#primaryimage\"},\"thumbnailUrl\":\"https:\/\/cogopamd.org\/wp-content\/uploads\/2025\/09\/hernandez.webp\",\"datePublished\":\"2025-09-17T14:38:53+00:00\",\"dateModified\":\"2025-12-09T15:46:12+00:00\",\"breadcrumb\":{\"@id\":\"https:\/\/cogopamd.org\/es\/nuestro-personal\/#breadcrumb\"},\"inLanguage\":\"es\",\"potentialAction\":[{\"@type\":\"ReadAction\",\"target\":[\"https:\/\/cogopamd.org\/es\/nuestro-personal\/\"]}]},{\"@type\":\"ImageObject\",\"inLanguage\":\"es\",\"@id\":\"https:\/\/cogopamd.org\/es\/nuestro-personal\/#primaryimage\",\"url\":\"https:\/\/cogopamd.org\/wp-content\/uploads\/2025\/09\/hernandez.webp\",\"contentUrl\":\"https:\/\/cogopamd.org\/wp-content\/uploads\/2025\/09\/hernandez.webp\"},{\"@type\":\"BreadcrumbList\",\"@id\":\"https:\/\/cogopamd.org\/es\/nuestro-personal\/#breadcrumb\",\"itemListElement\":[{\"@type\":\"ListItem\",\"position\":1,\"name\":\"Home\",\"item\":\"https:\/\/cogopamd.org\/es\/\"},{\"@type\":\"ListItem\",\"position\":2,\"name\":\"Nuestro personal\"}]},{\"@type\":\"WebSite\",\"@id\":\"https:\/\/cogopamd.org\/#website\",\"url\":\"https:\/\/cogopamd.org\/\",\"name\":\"Accredited Ministry Development\",\"description\":\"Accredited Ministry Development is part of the Leadership Development &amp; Discipleship Ministries of the Church of God of Prophecy.\",\"publisher\":{\"@id\":\"https:\/\/cogopamd.org\/#organization\"},\"alternateName\":\"AMD COGOP\",\"potentialAction\":[{\"@type\":\"SearchAction\",\"target\":{\"@type\":\"EntryPoint\",\"urlTemplate\":\"https:\/\/cogopamd.org\/?s={search_term_string}\"},\"query-input\":{\"@type\":\"PropertyValueSpecification\",\"valueRequired\":true,\"valueName\":\"search_term_string\"}}],\"inLanguage\":\"es\"},{\"@type\":\"Organization\",\"@id\":\"https:\/\/cogopamd.org\/#organization\",\"name\":\"Church of God of Prophecy \u2013 Leadership Development & Discipleship \u2013 Accredited Ministry Development\",\"alternateName\":\"COGOP - LDD - AMD\",\"url\":\"https:\/\/cogopamd.org\/\",\"logo\":{\"@type\":\"ImageObject\",\"inLanguage\":\"es\",\"@id\":\"https:\/\/cogopamd.org\/#\/schema\/logo\/image\/\",\"url\":\"https:\/\/cogopamd.org\/wp-content\/uploads\/2025\/11\/opt-seo.webp\",\"contentUrl\":\"https:\/\/cogopamd.org\/wp-content\/uploads\/2025\/11\/opt-seo.webp\",\"width\":1200,\"height\":630,\"caption\":\"Church of God of Prophecy \u2013 Leadership Development & Discipleship \u2013 Accredited Ministry Development\"},\"image\":{\"@id\":\"https:\/\/cogopamd.org\/#\/schema\/logo\/image\/\"},\"sameAs\":[\"https:\/\/www.facebook.com\/cogopamd\"]}]}<\/script>\n<!-- \/ Yoast SEO plugin. -->","yoast_head_json":{"title":"Nuestro personal | Accredited Ministry Development","robots":{"index":"index","follow":"follow","max-snippet":"max-snippet:-1","max-image-preview":"max-image-preview:large","max-video-preview":"max-video-preview:-1"},"canonical":"https:\/\/cogopamd.org\/es\/nuestro-personal\/","og_locale":"es_ES","og_type":"article","og_title":"Nuestro personal | Accredited Ministry Development","og_description":"Nuestro personal P\u00e1gina principal \/ Sobre nosotros \/ Nuestro personal CONOZCA A NUESTRO EQUIPO El personal del DMA Equipando l\u00edderes a trav\u00e9s de una educaci\u00f3n Cristoc\u00e9ntrica y teol\u00f3gicamente s\u00f3lida. Dr. Michael Hern\u00e1ndez Director del DMAPresidente del SEVi Albert Murza Decano acad\u00e9mico Jacob Coleman Gerente de la oficina de finanzas Debbie Freeman Gerente de la oficina [&hellip;]","og_url":"https:\/\/cogopamd.org\/es\/nuestro-personal\/","og_site_name":"Accredited Ministry Development","article_publisher":"https:\/\/www.facebook.com\/cogopamd","article_modified_time":"2025-12-09T15:46:12+00:00","og_image":[{"width":524,"height":420,"url":"https:\/\/cogopamd.org\/wp-content\/uploads\/2025\/09\/hernandez.webp","type":"image\/webp"}],"twitter_card":"summary_large_image","schema":{"@context":"https:\/\/schema.org","@graph":[{"@type":"WebPage","@id":"https:\/\/cogopamd.org\/es\/nuestro-personal\/","url":"https:\/\/cogopamd.org\/es\/nuestro-personal\/","name":"Nuestro personal | Accredited Ministry Development","isPartOf":{"@id":"https:\/\/cogopamd.org\/#website"},"primaryImageOfPage":{"@id":"https:\/\/cogopamd.org\/es\/nuestro-personal\/#primaryimage"},"image":{"@id":"https:\/\/cogopamd.org\/es\/nuestro-personal\/#primaryimage"},"thumbnailUrl":"https:\/\/cogopamd.org\/wp-content\/uploads\/2025\/09\/hernandez.webp","datePublished":"2025-09-17T14:38:53+00:00","dateModified":"2025-12-09T15:46:12+00:00","breadcrumb":{"@id":"https:\/\/cogopamd.org\/es\/nuestro-personal\/#breadcrumb"},"inLanguage":"es","potentialAction":[{"@type":"ReadAction","target":["https:\/\/cogopamd.org\/es\/nuestro-personal\/"]}]},{"@type":"ImageObject","inLanguage":"es","@id":"https:\/\/cogopamd.org\/es\/nuestro-personal\/#primaryimage","url":"https:\/\/cogopamd.org\/wp-content\/uploads\/2025\/09\/hernandez.webp","contentUrl":"https:\/\/cogopamd.org\/wp-content\/uploads\/2025\/09\/hernandez.webp"},{"@type":"BreadcrumbList","@id":"https:\/\/cogopamd.org\/es\/nuestro-personal\/#breadcrumb","itemListElement":[{"@type":"ListItem","position":1,"name":"Home","item":"https:\/\/cogopamd.org\/es\/"},{"@type":"ListItem","position":2,"name":"Nuestro personal"}]},{"@type":"WebSite","@id":"https:\/\/cogopamd.org\/#website","url":"https:\/\/cogopamd.org\/","name":"Accredited Ministry Development","description":"Accredited Ministry Development is part of the Leadership Development &amp; Discipleship Ministries of the Church of God of Prophecy.","publisher":{"@id":"https:\/\/cogopamd.org\/#organization"},"alternateName":"AMD COGOP","potentialAction":[{"@type":"SearchAction","target":{"@type":"EntryPoint","urlTemplate":"https:\/\/cogopamd.org\/?s={search_term_string}"},"query-input":{"@type":"PropertyValueSpecification","valueRequired":true,"valueName":"search_term_string"}}],"inLanguage":"es"},{"@type":"Organization","@id":"https:\/\/cogopamd.org\/#organization","name":"Church of God of Prophecy \u2013 Leadership Development & Discipleship \u2013 Accredited Ministry Development","alternateName":"COGOP - LDD - AMD","url":"https:\/\/cogopamd.org\/","logo":{"@type":"ImageObject","inLanguage":"es","@id":"https:\/\/cogopamd.org\/#\/schema\/logo\/image\/","url":"https:\/\/cogopamd.org\/wp-content\/uploads\/2025\/11\/opt-seo.webp","contentUrl":"https:\/\/cogopamd.org\/wp-content\/uploads\/2025\/11\/opt-seo.webp","width":1200,"height":630,"caption":"Church of God of Prophecy \u2013 Leadership Development & Discipleship \u2013 Accredited Ministry Development"},"image":{"@id":"https:\/\/cogopamd.org\/#\/schema\/logo\/image\/"},"sameAs":["https:\/\/www.facebook.com\/cogopamd"]}]}},"_links":{"self":[{"href":"https:\/\/cogopamd.org\/es\/wp-json\/wp\/v2\/pages\/1067","targetHints":{"allow":["GET"]}}],"collection":[{"href":"https:\/\/cogopamd.org\/es\/wp-json\/wp\/v2\/pages"}],"about":[{"href":"https:\/\/cogopamd.org\/es\/wp-json\/wp\/v2\/types\/page"}],"author":[{"embeddable":true,"href":"https:\/\/cogopamd.org\/es\/wp-json\/wp\/v2\/users\/1"}],"replies":[{"embeddable":true,"href":"https:\/\/cogopamd.org\/es\/wp-json\/wp\/v2\/comments?post=1067"}],"version-history":[{"count":3,"href":"https:\/\/cogopamd.org\/es\/wp-json\/wp\/v2\/pages\/1067\/revisions"}],"predecessor-version":[{"id":1133,"href":"https:\/\/cogopamd.org\/es\/wp-json\/wp\/v2\/pages\/1067\/revisions\/1133"}],"wp:attachment":[{"href":"https:\/\/cogopamd.org\/es\/wp-json\/wp\/v2\/media?parent=1067"}],"curies":[{"name":"wp","href":"https:\/\/api.w.org\/{rel}","templated":true}]}}