{"id":1102,"date":"2025-09-25T18:46:42","date_gmt":"2025-09-25T18:46:42","guid":{"rendered":"https:\/\/cogopamd.org\/solicitud-de-la-maestria-del-seminario-teologico-pentecostal\/"},"modified":"2025-12-09T19:00:06","modified_gmt":"2025-12-09T19:00:06","slug":"solicitud-de-la-maestria-del-seminario-teologico-pentecostal","status":"publish","type":"page","link":"https:\/\/cogopamd.org\/es\/solicitud-de-la-maestria-del-seminario-teologico-pentecostal\/","title":{"rendered":"Solicitud de Maestr\u00eda del Seminario Teol\u00f3gico Pentecostal"},"content":{"rendered":"\t\t<div data-elementor-type=\"wp-page\" data-elementor-id=\"1102\" class=\"elementor elementor-1102 elementor-661\" data-elementor-post-type=\"page\">\n\t\t\t\t<div class=\"elementor-element elementor-element-cef6748 e-flex e-con-boxed e-con e-parent\" data-id=\"cef6748\" data-element_type=\"container\" data-settings=\"{&quot;background_background&quot;:&quot;classic&quot;}\">\n\t\t\t\t\t<div class=\"e-con-inner\">\n\t\t<div class=\"elementor-element elementor-element-b317abe e-con-full e-flex e-con e-child\" data-id=\"b317abe\" data-element_type=\"container\">\n\t\t\t\t<div class=\"elementor-element elementor-element-410fea7 elementor-widget elementor-widget-heading\" data-id=\"410fea7\" data-element_type=\"widget\" data-widget_type=\"heading.default\">\n\t\t\t\t\t<h2 class=\"elementor-heading-title elementor-size-default\">Solicitud de Maestr\u00eda del Seminario Teol\u00f3gico Pentecostal<\/h2>\t\t\t\t<\/div>\n\t\t\t\t<div class=\"elementor-element elementor-element-6944813 elementor-widget elementor-widget-text-editor\" data-id=\"6944813\" data-element_type=\"widget\" data-widget_type=\"text-editor.default\">\n\t\t\t\t\t\t\t\t\t<p><a href=\"https:\/\/cogopamd.org\/es\/\">P\u00e1gina inicial<\/a> \/ Admisiones<\/p>\t\t\t\t\t\t\t\t<\/div>\n\t\t\t\t<\/div>\n\t\t\t\t\t<\/div>\n\t\t\t\t<\/div>\n\t\t<div class=\"elementor-element elementor-element-71b93c5 e-flex e-con-boxed e-con e-parent\" data-id=\"71b93c5\" data-element_type=\"container\" id=\"form-apply\">\n\t\t\t\t\t<div class=\"e-con-inner\">\n\t\t\t\t<div class=\"elementor-element elementor-element-a998ba2 elementor-widget elementor-widget-html\" data-id=\"a998ba2\" data-element_type=\"widget\" data-widget_type=\"html.default\">\n\t\t\t\t\t<script type=\"text\/javascript\" src=\"https:\/\/cogopforms.formstack.com\/forms\/js.php\/ptsmasters\"><\/script><noscript><a href=\"https:\/\/cogopforms.formstack.com\/forms\/ptsmasters\" title=\"Formulario en l\u00ednea\">Formulario en l\u00ednea - Maestr\u00edas del Seminario Teol\u00f3gico Pentecostal<\/a><\/noscript>\t\t\t\t<\/div>\n\t\t\t\t\t<\/div>\n\t\t\t\t<\/div>\n\t\t\t\t<\/div>\n\t\t","protected":false},"excerpt":{"rendered":"<p>Solicitud de Maestr\u00eda del Seminario Teol\u00f3gico Pentecostal P\u00e1gina inicial \/ Admisiones Formulario en l\u00ednea &#8211; Maestr\u00edas del Seminario Teol\u00f3gico Pentecostal<\/p>\n","protected":false},"author":1,"featured_media":0,"parent":0,"menu_order":0,"comment_status":"closed","ping_status":"closed","template":"elementor_header_footer","meta":{"footnotes":""},"class_list":["post-1102","page","type-page","status-publish","hentry"],"yoast_head":"<!-- This site is optimized with the Yoast SEO plugin v26.8 - https:\/\/yoast.com\/product\/yoast-seo-wordpress\/ -->\n<title>Solicitud de Maestr\u00eda del Seminario Teol\u00f3gico Pentecostal | Accredited Ministry Development<\/title>\n<meta name=\"robots\" content=\"index, follow, max-snippet:-1, max-image-preview:large, max-video-preview:-1\" \/>\n<link rel=\"canonical\" href=\"https:\/\/cogopamd.org\/es\/solicitud-de-la-maestria-del-seminario-teologico-pentecostal\/\" \/>\n<meta property=\"og:locale\" content=\"es_ES\" \/>\n<meta property=\"og:type\" content=\"article\" \/>\n<meta property=\"og:title\" content=\"Solicitud de Maestr\u00eda del Seminario Teol\u00f3gico Pentecostal | Accredited Ministry Development\" \/>\n<meta property=\"og:description\" content=\"Solicitud de Maestr\u00eda del Seminario Teol\u00f3gico Pentecostal P\u00e1gina inicial \/ Admisiones Formulario en l\u00ednea &#8211; Maestr\u00edas del Seminario Teol\u00f3gico Pentecostal\" \/>\n<meta property=\"og:url\" content=\"https:\/\/cogopamd.org\/es\/solicitud-de-la-maestria-del-seminario-teologico-pentecostal\/\" \/>\n<meta property=\"og:site_name\" content=\"Accredited Ministry Development\" \/>\n<meta property=\"article:publisher\" content=\"https:\/\/www.facebook.com\/cogopamd\" \/>\n<meta property=\"article:modified_time\" content=\"2025-12-09T19:00:06+00:00\" \/>\n<meta property=\"og:image\" content=\"https:\/\/cogopamd.org\/wp-content\/uploads\/2025\/11\/opt-seo.webp\" \/>\n\t<meta property=\"og:image:width\" content=\"1200\" \/>\n\t<meta property=\"og:image:height\" content=\"630\" \/>\n\t<meta property=\"og:image:type\" content=\"image\/webp\" \/>\n<meta name=\"twitter:card\" content=\"summary_large_image\" \/>\n<script type=\"application\/ld+json\" class=\"yoast-schema-graph\">{\"@context\":\"https:\/\/schema.org\",\"@graph\":[{\"@type\":\"WebPage\",\"@id\":\"https:\/\/cogopamd.org\/es\/solicitud-de-la-maestria-del-seminario-teologico-pentecostal\/\",\"url\":\"https:\/\/cogopamd.org\/es\/solicitud-de-la-maestria-del-seminario-teologico-pentecostal\/\",\"name\":\"Solicitud de Maestr\u00eda del Seminario Teol\u00f3gico Pentecostal | Accredited Ministry Development\",\"isPartOf\":{\"@id\":\"https:\/\/cogopamd.org\/#website\"},\"datePublished\":\"2025-09-25T18:46:42+00:00\",\"dateModified\":\"2025-12-09T19:00:06+00:00\",\"breadcrumb\":{\"@id\":\"https:\/\/cogopamd.org\/es\/solicitud-de-la-maestria-del-seminario-teologico-pentecostal\/#breadcrumb\"},\"inLanguage\":\"es\",\"potentialAction\":[{\"@type\":\"ReadAction\",\"target\":[\"https:\/\/cogopamd.org\/es\/solicitud-de-la-maestria-del-seminario-teologico-pentecostal\/\"]}]},{\"@type\":\"BreadcrumbList\",\"@id\":\"https:\/\/cogopamd.org\/es\/solicitud-de-la-maestria-del-seminario-teologico-pentecostal\/#breadcrumb\",\"itemListElement\":[{\"@type\":\"ListItem\",\"position\":1,\"name\":\"Home\",\"item\":\"https:\/\/cogopamd.org\/es\/\"},{\"@type\":\"ListItem\",\"position\":2,\"name\":\"Solicitud de Maestr\u00eda del Seminario Teol\u00f3gico Pentecostal\"}]},{\"@type\":\"WebSite\",\"@id\":\"https:\/\/cogopamd.org\/#website\",\"url\":\"https:\/\/cogopamd.org\/\",\"name\":\"Accredited Ministry Development\",\"description\":\"Accredited Ministry Development is part of the Leadership Development &amp; Discipleship Ministries of the Church of God of Prophecy.\",\"publisher\":{\"@id\":\"https:\/\/cogopamd.org\/#organization\"},\"alternateName\":\"AMD COGOP\",\"potentialAction\":[{\"@type\":\"SearchAction\",\"target\":{\"@type\":\"EntryPoint\",\"urlTemplate\":\"https:\/\/cogopamd.org\/?s={search_term_string}\"},\"query-input\":{\"@type\":\"PropertyValueSpecification\",\"valueRequired\":true,\"valueName\":\"search_term_string\"}}],\"inLanguage\":\"es\"},{\"@type\":\"Organization\",\"@id\":\"https:\/\/cogopamd.org\/#organization\",\"name\":\"Church of God of Prophecy \u2013 Leadership Development & Discipleship \u2013 Accredited Ministry Development\",\"alternateName\":\"COGOP - LDD - AMD\",\"url\":\"https:\/\/cogopamd.org\/\",\"logo\":{\"@type\":\"ImageObject\",\"inLanguage\":\"es\",\"@id\":\"https:\/\/cogopamd.org\/#\/schema\/logo\/image\/\",\"url\":\"https:\/\/cogopamd.org\/wp-content\/uploads\/2025\/11\/opt-seo.webp\",\"contentUrl\":\"https:\/\/cogopamd.org\/wp-content\/uploads\/2025\/11\/opt-seo.webp\",\"width\":1200,\"height\":630,\"caption\":\"Church of God of Prophecy \u2013 Leadership Development & Discipleship \u2013 Accredited Ministry Development\"},\"image\":{\"@id\":\"https:\/\/cogopamd.org\/#\/schema\/logo\/image\/\"},\"sameAs\":[\"https:\/\/www.facebook.com\/cogopamd\"]}]}<\/script>\n<!-- \/ Yoast SEO plugin. -->","yoast_head_json":{"title":"Solicitud de Maestr\u00eda del Seminario Teol\u00f3gico Pentecostal | Accredited Ministry Development","robots":{"index":"index","follow":"follow","max-snippet":"max-snippet:-1","max-image-preview":"max-image-preview:large","max-video-preview":"max-video-preview:-1"},"canonical":"https:\/\/cogopamd.org\/es\/solicitud-de-la-maestria-del-seminario-teologico-pentecostal\/","og_locale":"es_ES","og_type":"article","og_title":"Solicitud de Maestr\u00eda del Seminario Teol\u00f3gico Pentecostal | Accredited Ministry Development","og_description":"Solicitud de Maestr\u00eda del Seminario Teol\u00f3gico Pentecostal P\u00e1gina inicial \/ Admisiones Formulario en l\u00ednea &#8211; Maestr\u00edas del Seminario Teol\u00f3gico Pentecostal","og_url":"https:\/\/cogopamd.org\/es\/solicitud-de-la-maestria-del-seminario-teologico-pentecostal\/","og_site_name":"Accredited Ministry Development","article_publisher":"https:\/\/www.facebook.com\/cogopamd","article_modified_time":"2025-12-09T19:00:06+00:00","og_image":[{"width":1200,"height":630,"url":"https:\/\/cogopamd.org\/wp-content\/uploads\/2025\/11\/opt-seo.webp","type":"image\/webp"}],"twitter_card":"summary_large_image","schema":{"@context":"https:\/\/schema.org","@graph":[{"@type":"WebPage","@id":"https:\/\/cogopamd.org\/es\/solicitud-de-la-maestria-del-seminario-teologico-pentecostal\/","url":"https:\/\/cogopamd.org\/es\/solicitud-de-la-maestria-del-seminario-teologico-pentecostal\/","name":"Solicitud de Maestr\u00eda del Seminario Teol\u00f3gico Pentecostal | Accredited Ministry Development","isPartOf":{"@id":"https:\/\/cogopamd.org\/#website"},"datePublished":"2025-09-25T18:46:42+00:00","dateModified":"2025-12-09T19:00:06+00:00","breadcrumb":{"@id":"https:\/\/cogopamd.org\/es\/solicitud-de-la-maestria-del-seminario-teologico-pentecostal\/#breadcrumb"},"inLanguage":"es","potentialAction":[{"@type":"ReadAction","target":["https:\/\/cogopamd.org\/es\/solicitud-de-la-maestria-del-seminario-teologico-pentecostal\/"]}]},{"@type":"BreadcrumbList","@id":"https:\/\/cogopamd.org\/es\/solicitud-de-la-maestria-del-seminario-teologico-pentecostal\/#breadcrumb","itemListElement":[{"@type":"ListItem","position":1,"name":"Home","item":"https:\/\/cogopamd.org\/es\/"},{"@type":"ListItem","position":2,"name":"Solicitud de Maestr\u00eda del Seminario Teol\u00f3gico Pentecostal"}]},{"@type":"WebSite","@id":"https:\/\/cogopamd.org\/#website","url":"https:\/\/cogopamd.org\/","name":"Accredited Ministry Development","description":"Accredited Ministry Development is part of the Leadership Development &amp; Discipleship Ministries of the Church of God of Prophecy.","publisher":{"@id":"https:\/\/cogopamd.org\/#organization"},"alternateName":"AMD COGOP","potentialAction":[{"@type":"SearchAction","target":{"@type":"EntryPoint","urlTemplate":"https:\/\/cogopamd.org\/?s={search_term_string}"},"query-input":{"@type":"PropertyValueSpecification","valueRequired":true,"valueName":"search_term_string"}}],"inLanguage":"es"},{"@type":"Organization","@id":"https:\/\/cogopamd.org\/#organization","name":"Church of God of Prophecy \u2013 Leadership Development & Discipleship \u2013 Accredited Ministry Development","alternateName":"COGOP - LDD - AMD","url":"https:\/\/cogopamd.org\/","logo":{"@type":"ImageObject","inLanguage":"es","@id":"https:\/\/cogopamd.org\/#\/schema\/logo\/image\/","url":"https:\/\/cogopamd.org\/wp-content\/uploads\/2025\/11\/opt-seo.webp","contentUrl":"https:\/\/cogopamd.org\/wp-content\/uploads\/2025\/11\/opt-seo.webp","width":1200,"height":630,"caption":"Church of God of Prophecy \u2013 Leadership Development & Discipleship \u2013 Accredited Ministry Development"},"image":{"@id":"https:\/\/cogopamd.org\/#\/schema\/logo\/image\/"},"sameAs":["https:\/\/www.facebook.com\/cogopamd"]}]}},"_links":{"self":[{"href":"https:\/\/cogopamd.org\/es\/wp-json\/wp\/v2\/pages\/1102","targetHints":{"allow":["GET"]}}],"collection":[{"href":"https:\/\/cogopamd.org\/es\/wp-json\/wp\/v2\/pages"}],"about":[{"href":"https:\/\/cogopamd.org\/es\/wp-json\/wp\/v2\/types\/page"}],"author":[{"embeddable":true,"href":"https:\/\/cogopamd.org\/es\/wp-json\/wp\/v2\/users\/1"}],"replies":[{"embeddable":true,"href":"https:\/\/cogopamd.org\/es\/wp-json\/wp\/v2\/comments?post=1102"}],"version-history":[{"count":3,"href":"https:\/\/cogopamd.org\/es\/wp-json\/wp\/v2\/pages\/1102\/revisions"}],"predecessor-version":[{"id":1137,"href":"https:\/\/cogopamd.org\/es\/wp-json\/wp\/v2\/pages\/1102\/revisions\/1137"}],"wp:attachment":[{"href":"https:\/\/cogopamd.org\/es\/wp-json\/wp\/v2\/media?parent=1102"}],"curies":[{"name":"wp","href":"https:\/\/api.w.org\/{rel}","templated":true}]}}