{"id":1109,"date":"2025-09-25T20:05:54","date_gmt":"2025-09-25T20:05:54","guid":{"rendered":"https:\/\/cogopamd.org\/colegio-tomlinson\/"},"modified":"2025-12-11T16:20:18","modified_gmt":"2025-12-11T16:20:18","slug":"colegio-tomlinson","status":"publish","type":"page","link":"https:\/\/cogopamd.org\/es\/colegio-tomlinson\/","title":{"rendered":"Colegio Tomlinson"},"content":{"rendered":"\t\t<div data-elementor-type=\"wp-page\" data-elementor-id=\"1109\" class=\"elementor elementor-1109 elementor-749\" data-elementor-post-type=\"page\">\n\t\t\t\t<div class=\"elementor-element elementor-element-90ce681 e-flex e-con-boxed e-con e-parent\" data-id=\"90ce681\" data-element_type=\"container\" data-settings=\"{&quot;background_background&quot;:&quot;classic&quot;}\">\n\t\t\t\t\t<div class=\"e-con-inner\">\n\t\t<div class=\"elementor-element elementor-element-6f94ed1 e-con-full e-flex e-con e-child\" data-id=\"6f94ed1\" data-element_type=\"container\">\n\t\t\t\t<div class=\"elementor-element elementor-element-7df9970 elementor-widget elementor-widget-heading\" data-id=\"7df9970\" data-element_type=\"widget\" data-widget_type=\"heading.default\">\n\t\t\t\t\t<h2 class=\"elementor-heading-title elementor-size-default\">Colegio Tomlinson<\/h2>\t\t\t\t<\/div>\n\t\t\t\t<div class=\"elementor-element elementor-element-f1519dc elementor-widget elementor-widget-text-editor\" data-id=\"f1519dc\" data-element_type=\"widget\" data-widget_type=\"text-editor.default\">\n\t\t\t\t\t\t\t\t\t<p><a href=\"https:\/\/cogopamd.org\/es\/\">P\u00e1gina inicial<\/a> \/ Recursos<\/p>\t\t\t\t\t\t\t\t<\/div>\n\t\t\t\t<\/div>\n\t\t\t\t\t<\/div>\n\t\t\t\t<\/div>\n\t\t<div class=\"elementor-element elementor-element-a85c930 e-flex e-con-boxed e-con e-parent\" data-id=\"a85c930\" data-element_type=\"container\" data-settings=\"{&quot;background_background&quot;:&quot;classic&quot;}\">\n\t\t\t\t\t<div class=\"e-con-inner\">\n\t\t<div class=\"elementor-element elementor-element-9e97779 e-con-full e-flex e-con e-child\" data-id=\"9e97779\" data-element_type=\"container\">\n\t\t\t\t<div class=\"elementor-element elementor-element-25f54e2 elementor-icon-list--layout-traditional elementor-list-item-link-full_width elementor-widget elementor-widget-icon-list\" data-id=\"25f54e2\" data-element_type=\"widget\" data-widget_type=\"icon-list.default\">\n\t\t\t\t\t\t\t<ul class=\"elementor-icon-list-items\">\n\t\t\t\t\t\t\t<li class=\"elementor-icon-list-item\">\n\t\t\t\t\t\t\t\t\t\t<span class=\"elementor-icon-list-text\">Colegio Tomlinson<\/span>\n\t\t\t\t\t\t\t\t\t<\/li>\n\t\t\t\t\t\t<\/ul>\n\t\t\t\t\t\t<\/div>\n\t\t\t\t<div class=\"elementor-element elementor-element-a6797a3 elementor-widget elementor-widget-heading\" data-id=\"a6797a3\" data-element_type=\"widget\" data-widget_type=\"heading.default\">\n\t\t\t\t\t<h2 class=\"elementor-heading-title elementor-size-default\">Historia y solicitud de transcripciones<\/h2>\t\t\t\t<\/div>\n\t\t\t\t<div class=\"elementor-element elementor-element-4523c98 elementor-widget elementor-widget-text-editor\" data-id=\"4523c98\" data-element_type=\"widget\" data-widget_type=\"text-editor.default\">\n\t\t\t\t\t\t\t\t\t<p>El Colegio Tomlinson se fund\u00f3 en 1966 y cerr\u00f3 en mayo de 1992 con el lema \u201cEscolaridad con esp\u00edritu\u201d. El Colegio Tomlinson fue candidato a la acreditaci\u00f3n de la Asociaci\u00f3n Sure\u00f1a de Colegios y Escuelas (SACS, por sus siglas en ingl\u00e9s) desde 1978 hasta 1983. Fue completamente acreditado por SACS en diciembre de 1983 y permaneci\u00f3 acreditado hasta que cerr\u00f3 en 1992. Cientos de estudiantes recibieron su formaci\u00f3n ministerial con un equilibrio entre el aprendizaje y la llenura del Esp\u00edritu Santo, que es tan necesario para llevar el evangelio de Jesucristo al mundo.   <\/p><p><strong>Solicitud de transcripciones<br><\/strong>A medida que los exalumnos del Colegio Tomlinson contin\u00faan su educaci\u00f3n, nos complace proporcionar transcripciones a un costo de $10.00 cada una. Simplemente complete el <a href=\"https:\/\/wp.me\/P9mTiB-2OY\">formulario de Solicitud de transcripciones<\/a>. <\/p><p><strong>Conexi\u00f3n de exalumnos<br><\/strong>Los exalumnos del Colegio Tomlinson est\u00e1n sirviendo en ministerios y comunidades alrededor de todo el mundo. Las reuniones de los exalumnos suelen celebrarse en la Asamblea Internacional bienal de la Iglesia de Dios de la Profec\u00eda. Durante las fechas de estas reuniones, los exalumnos se reconectan por medio de nuestra <a href=\"https:\/\/www.facebook.com\/groups\/4825522870\">p\u00e1gina de Facebook Tomlinson Center Alumni Connection<\/a>.  <\/p>\t\t\t\t\t\t\t\t<\/div>\n\t\t\t\t<\/div>\n\t\t<div class=\"elementor-element elementor-element-33f9dba e-con-full e-flex e-con e-child\" data-id=\"33f9dba\" data-element_type=\"container\" data-settings=\"{&quot;background_background&quot;:&quot;classic&quot;}\">\n\t\t\t\t<\/div>\n\t\t\t\t\t<\/div>\n\t\t\t\t<\/div>\n\t\t\t\t<\/div>\n\t\t","protected":false},"excerpt":{"rendered":"<p>Colegio Tomlinson P\u00e1gina inicial \/ Recursos Colegio Tomlinson Historia y solicitud de transcripciones El Colegio Tomlinson se fund\u00f3 en 1966 y cerr\u00f3 en mayo de 1992 con el lema \u201cEscolaridad con esp\u00edritu\u201d. El Colegio Tomlinson fue candidato a la acreditaci\u00f3n de la Asociaci\u00f3n Sure\u00f1a de Colegios y Escuelas (SACS, por sus siglas en ingl\u00e9s) desde [&hellip;]<\/p>\n","protected":false},"author":1,"featured_media":0,"parent":0,"menu_order":0,"comment_status":"closed","ping_status":"closed","template":"","meta":{"footnotes":""},"class_list":["post-1109","page","type-page","status-publish","hentry"],"yoast_head":"<!-- This site is optimized with the Yoast SEO plugin v26.8 - https:\/\/yoast.com\/product\/yoast-seo-wordpress\/ -->\n<title>Colegio Tomlinson | Accredited Ministry Development<\/title>\n<meta name=\"robots\" content=\"index, follow, max-snippet:-1, max-image-preview:large, max-video-preview:-1\" \/>\n<link rel=\"canonical\" href=\"https:\/\/cogopamd.org\/es\/colegio-tomlinson\/\" \/>\n<meta property=\"og:locale\" content=\"es_ES\" \/>\n<meta property=\"og:type\" content=\"article\" \/>\n<meta property=\"og:title\" content=\"Colegio Tomlinson | Accredited Ministry Development\" \/>\n<meta property=\"og:description\" content=\"Colegio Tomlinson P\u00e1gina inicial \/ Recursos Colegio Tomlinson Historia y solicitud de transcripciones El Colegio Tomlinson se fund\u00f3 en 1966 y cerr\u00f3 en mayo de 1992 con el lema \u201cEscolaridad con esp\u00edritu\u201d. El Colegio Tomlinson fue candidato a la acreditaci\u00f3n de la Asociaci\u00f3n Sure\u00f1a de Colegios y Escuelas (SACS, por sus siglas en ingl\u00e9s) desde [&hellip;]\" \/>\n<meta property=\"og:url\" content=\"https:\/\/cogopamd.org\/es\/colegio-tomlinson\/\" \/>\n<meta property=\"og:site_name\" content=\"Accredited Ministry Development\" \/>\n<meta property=\"article:publisher\" content=\"https:\/\/www.facebook.com\/cogopamd\" \/>\n<meta property=\"article:modified_time\" content=\"2025-12-11T16:20:18+00:00\" \/>\n<meta property=\"og:image\" content=\"https:\/\/cogopamd.org\/wp-content\/uploads\/2025\/11\/opt-seo.webp\" \/>\n\t<meta property=\"og:image:width\" content=\"1200\" \/>\n\t<meta property=\"og:image:height\" content=\"630\" \/>\n\t<meta property=\"og:image:type\" content=\"image\/webp\" \/>\n<meta name=\"twitter:card\" content=\"summary_large_image\" \/>\n<meta name=\"twitter:label1\" content=\"Tiempo de lectura\" \/>\n\t<meta name=\"twitter:data1\" content=\"1 minuto\" \/>\n<script type=\"application\/ld+json\" class=\"yoast-schema-graph\">{\"@context\":\"https:\/\/schema.org\",\"@graph\":[{\"@type\":\"WebPage\",\"@id\":\"https:\/\/cogopamd.org\/es\/colegio-tomlinson\/\",\"url\":\"https:\/\/cogopamd.org\/es\/colegio-tomlinson\/\",\"name\":\"Colegio Tomlinson | Accredited Ministry Development\",\"isPartOf\":{\"@id\":\"https:\/\/cogopamd.org\/#website\"},\"datePublished\":\"2025-09-25T20:05:54+00:00\",\"dateModified\":\"2025-12-11T16:20:18+00:00\",\"breadcrumb\":{\"@id\":\"https:\/\/cogopamd.org\/es\/colegio-tomlinson\/#breadcrumb\"},\"inLanguage\":\"es\",\"potentialAction\":[{\"@type\":\"ReadAction\",\"target\":[\"https:\/\/cogopamd.org\/es\/colegio-tomlinson\/\"]}]},{\"@type\":\"BreadcrumbList\",\"@id\":\"https:\/\/cogopamd.org\/es\/colegio-tomlinson\/#breadcrumb\",\"itemListElement\":[{\"@type\":\"ListItem\",\"position\":1,\"name\":\"Home\",\"item\":\"https:\/\/cogopamd.org\/es\/\"},{\"@type\":\"ListItem\",\"position\":2,\"name\":\"Colegio Tomlinson\"}]},{\"@type\":\"WebSite\",\"@id\":\"https:\/\/cogopamd.org\/#website\",\"url\":\"https:\/\/cogopamd.org\/\",\"name\":\"Accredited Ministry Development\",\"description\":\"Accredited Ministry Development is part of the Leadership Development &amp; Discipleship Ministries of the Church of God of Prophecy.\",\"publisher\":{\"@id\":\"https:\/\/cogopamd.org\/#organization\"},\"alternateName\":\"AMD COGOP\",\"potentialAction\":[{\"@type\":\"SearchAction\",\"target\":{\"@type\":\"EntryPoint\",\"urlTemplate\":\"https:\/\/cogopamd.org\/?s={search_term_string}\"},\"query-input\":{\"@type\":\"PropertyValueSpecification\",\"valueRequired\":true,\"valueName\":\"search_term_string\"}}],\"inLanguage\":\"es\"},{\"@type\":\"Organization\",\"@id\":\"https:\/\/cogopamd.org\/#organization\",\"name\":\"Church of God of Prophecy \u2013 Leadership Development & Discipleship \u2013 Accredited Ministry Development\",\"alternateName\":\"COGOP - LDD - AMD\",\"url\":\"https:\/\/cogopamd.org\/\",\"logo\":{\"@type\":\"ImageObject\",\"inLanguage\":\"es\",\"@id\":\"https:\/\/cogopamd.org\/#\/schema\/logo\/image\/\",\"url\":\"https:\/\/cogopamd.org\/wp-content\/uploads\/2025\/11\/opt-seo.webp\",\"contentUrl\":\"https:\/\/cogopamd.org\/wp-content\/uploads\/2025\/11\/opt-seo.webp\",\"width\":1200,\"height\":630,\"caption\":\"Church of God of Prophecy \u2013 Leadership Development & Discipleship \u2013 Accredited Ministry Development\"},\"image\":{\"@id\":\"https:\/\/cogopamd.org\/#\/schema\/logo\/image\/\"},\"sameAs\":[\"https:\/\/www.facebook.com\/cogopamd\"]}]}<\/script>\n<!-- \/ Yoast SEO plugin. -->","yoast_head_json":{"title":"Colegio Tomlinson | Accredited Ministry Development","robots":{"index":"index","follow":"follow","max-snippet":"max-snippet:-1","max-image-preview":"max-image-preview:large","max-video-preview":"max-video-preview:-1"},"canonical":"https:\/\/cogopamd.org\/es\/colegio-tomlinson\/","og_locale":"es_ES","og_type":"article","og_title":"Colegio Tomlinson | Accredited Ministry Development","og_description":"Colegio Tomlinson P\u00e1gina inicial \/ Recursos Colegio Tomlinson Historia y solicitud de transcripciones El Colegio Tomlinson se fund\u00f3 en 1966 y cerr\u00f3 en mayo de 1992 con el lema \u201cEscolaridad con esp\u00edritu\u201d. El Colegio Tomlinson fue candidato a la acreditaci\u00f3n de la Asociaci\u00f3n Sure\u00f1a de Colegios y Escuelas (SACS, por sus siglas en ingl\u00e9s) desde [&hellip;]","og_url":"https:\/\/cogopamd.org\/es\/colegio-tomlinson\/","og_site_name":"Accredited Ministry Development","article_publisher":"https:\/\/www.facebook.com\/cogopamd","article_modified_time":"2025-12-11T16:20:18+00:00","og_image":[{"width":1200,"height":630,"url":"https:\/\/cogopamd.org\/wp-content\/uploads\/2025\/11\/opt-seo.webp","type":"image\/webp"}],"twitter_card":"summary_large_image","twitter_misc":{"Tiempo de lectura":"1 minuto"},"schema":{"@context":"https:\/\/schema.org","@graph":[{"@type":"WebPage","@id":"https:\/\/cogopamd.org\/es\/colegio-tomlinson\/","url":"https:\/\/cogopamd.org\/es\/colegio-tomlinson\/","name":"Colegio Tomlinson | Accredited Ministry Development","isPartOf":{"@id":"https:\/\/cogopamd.org\/#website"},"datePublished":"2025-09-25T20:05:54+00:00","dateModified":"2025-12-11T16:20:18+00:00","breadcrumb":{"@id":"https:\/\/cogopamd.org\/es\/colegio-tomlinson\/#breadcrumb"},"inLanguage":"es","potentialAction":[{"@type":"ReadAction","target":["https:\/\/cogopamd.org\/es\/colegio-tomlinson\/"]}]},{"@type":"BreadcrumbList","@id":"https:\/\/cogopamd.org\/es\/colegio-tomlinson\/#breadcrumb","itemListElement":[{"@type":"ListItem","position":1,"name":"Home","item":"https:\/\/cogopamd.org\/es\/"},{"@type":"ListItem","position":2,"name":"Colegio Tomlinson"}]},{"@type":"WebSite","@id":"https:\/\/cogopamd.org\/#website","url":"https:\/\/cogopamd.org\/","name":"Accredited Ministry Development","description":"Accredited Ministry Development is part of the Leadership Development &amp; Discipleship Ministries of the Church of God of Prophecy.","publisher":{"@id":"https:\/\/cogopamd.org\/#organization"},"alternateName":"AMD COGOP","potentialAction":[{"@type":"SearchAction","target":{"@type":"EntryPoint","urlTemplate":"https:\/\/cogopamd.org\/?s={search_term_string}"},"query-input":{"@type":"PropertyValueSpecification","valueRequired":true,"valueName":"search_term_string"}}],"inLanguage":"es"},{"@type":"Organization","@id":"https:\/\/cogopamd.org\/#organization","name":"Church of God of Prophecy \u2013 Leadership Development & Discipleship \u2013 Accredited Ministry Development","alternateName":"COGOP - LDD - AMD","url":"https:\/\/cogopamd.org\/","logo":{"@type":"ImageObject","inLanguage":"es","@id":"https:\/\/cogopamd.org\/#\/schema\/logo\/image\/","url":"https:\/\/cogopamd.org\/wp-content\/uploads\/2025\/11\/opt-seo.webp","contentUrl":"https:\/\/cogopamd.org\/wp-content\/uploads\/2025\/11\/opt-seo.webp","width":1200,"height":630,"caption":"Church of God of Prophecy \u2013 Leadership Development & Discipleship \u2013 Accredited Ministry Development"},"image":{"@id":"https:\/\/cogopamd.org\/#\/schema\/logo\/image\/"},"sameAs":["https:\/\/www.facebook.com\/cogopamd"]}]}},"_links":{"self":[{"href":"https:\/\/cogopamd.org\/es\/wp-json\/wp\/v2\/pages\/1109","targetHints":{"allow":["GET"]}}],"collection":[{"href":"https:\/\/cogopamd.org\/es\/wp-json\/wp\/v2\/pages"}],"about":[{"href":"https:\/\/cogopamd.org\/es\/wp-json\/wp\/v2\/types\/page"}],"author":[{"embeddable":true,"href":"https:\/\/cogopamd.org\/es\/wp-json\/wp\/v2\/users\/1"}],"replies":[{"embeddable":true,"href":"https:\/\/cogopamd.org\/es\/wp-json\/wp\/v2\/comments?post=1109"}],"version-history":[{"count":7,"href":"https:\/\/cogopamd.org\/es\/wp-json\/wp\/v2\/pages\/1109\/revisions"}],"predecessor-version":[{"id":1143,"href":"https:\/\/cogopamd.org\/es\/wp-json\/wp\/v2\/pages\/1109\/revisions\/1143"}],"wp:attachment":[{"href":"https:\/\/cogopamd.org\/es\/wp-json\/wp\/v2\/media?parent=1109"}],"curies":[{"name":"wp","href":"https:\/\/api.w.org\/{rel}","templated":true}]}}