{"id":1115,"date":"2025-09-25T21:16:31","date_gmt":"2025-09-25T21:16:31","guid":{"rendered":"https:\/\/cogopamd.org\/matricula-y-cuotas-becas\/"},"modified":"2025-12-11T16:21:37","modified_gmt":"2025-12-11T16:21:37","slug":"matricula-y-cuotas-becas","status":"publish","type":"page","link":"https:\/\/cogopamd.org\/es\/matricula-y-cuotas-becas\/","title":{"rendered":"Matr\u00edcula y cuotas \/ Becas"},"content":{"rendered":"\t\t<div data-elementor-type=\"wp-page\" data-elementor-id=\"1115\" class=\"elementor elementor-1115 elementor-777\" data-elementor-post-type=\"page\">\n\t\t\t\t<div class=\"elementor-element elementor-element-439a366 e-flex e-con-boxed e-con e-parent\" data-id=\"439a366\" data-element_type=\"container\" data-settings=\"{&quot;background_background&quot;:&quot;classic&quot;}\">\n\t\t\t\t\t<div class=\"e-con-inner\">\n\t\t<div class=\"elementor-element elementor-element-a9102f0 e-con-full e-flex e-con e-child\" data-id=\"a9102f0\" data-element_type=\"container\">\n\t\t\t\t<div class=\"elementor-element elementor-element-0c8dbbc elementor-widget elementor-widget-heading\" data-id=\"0c8dbbc\" data-element_type=\"widget\" data-widget_type=\"heading.default\">\n\t\t\t\t\t<h2 class=\"elementor-heading-title elementor-size-default\">Matr\u00edcula y cuotas<\/h2>\t\t\t\t<\/div>\n\t\t\t\t<div class=\"elementor-element elementor-element-baa0863 elementor-widget elementor-widget-text-editor\" data-id=\"baa0863\" data-element_type=\"widget\" data-widget_type=\"text-editor.default\">\n\t\t\t\t\t\t\t\t\t<p><a href=\"https:\/\/cogopamd.org\/es\/\">P\u00e1gina inicial<\/a> \/ Admisiones<\/p>\t\t\t\t\t\t\t\t<\/div>\n\t\t\t\t<\/div>\n\t\t\t\t\t<\/div>\n\t\t\t\t<\/div>\n\t\t<div class=\"elementor-element elementor-element-ec53cbc radius-section e-flex e-con-boxed e-con e-parent\" data-id=\"ec53cbc\" data-element_type=\"container\" data-settings=\"{&quot;background_background&quot;:&quot;classic&quot;}\">\n\t\t\t\t\t<div class=\"e-con-inner\">\n\t\t<div class=\"elementor-element elementor-element-a1f22f3 e-con-full e-flex e-con e-child\" data-id=\"a1f22f3\" data-element_type=\"container\">\n\t\t\t\t<div class=\"elementor-element elementor-element-608e4c5 elementor-icon-list--layout-traditional elementor-list-item-link-full_width elementor-widget elementor-widget-icon-list\" data-id=\"608e4c5\" data-element_type=\"widget\" data-widget_type=\"icon-list.default\">\n\t\t\t\t\t\t\t<ul class=\"elementor-icon-list-items\">\n\t\t\t\t\t\t\t<li class=\"elementor-icon-list-item\">\n\t\t\t\t\t\t\t\t\t\t<span class=\"elementor-icon-list-text\">Pol\u00edtica de cuotas<\/span>\n\t\t\t\t\t\t\t\t\t<\/li>\n\t\t\t\t\t\t<\/ul>\n\t\t\t\t\t\t<\/div>\n\t\t\t\t<div class=\"elementor-element elementor-element-dfb5f23 elementor-widget__width-initial elementor-widget elementor-widget-heading\" data-id=\"dfb5f23\" data-element_type=\"widget\" data-widget_type=\"heading.default\">\n\t\t\t\t\t<h2 class=\"elementor-heading-title elementor-size-default\">Becas<\/h2>\t\t\t\t<\/div>\n\t\t\t\t<div class=\"elementor-element elementor-element-1257d35 elementor-widget elementor-widget-text-editor\" data-id=\"1257d35\" data-element_type=\"widget\" data-widget_type=\"text-editor.default\">\n\t\t\t\t\t\t\t\t\t<p data-start=\"120\" data-end=\"453\">La cantidad a pagar por la matr\u00edcula para el a\u00f1o acad\u00e9mico 2026-2027 est\u00e1 sujeto a revisi\u00f3n. Las becas de la IDP son determinadas en base a la informaci\u00f3n disponible para marzo de 2026 y pudieran ser ajustadas. Para obtener la informaci\u00f3n m\u00e1s actualizada, los estudiantes deben contactar la oficina de DMA, <strong data-start=\"377\" data-end=\"394\"><a class=\"decorated-link cursor-pointer\" rel=\"noopener\" data-start=\"379\" data-end=\"392\">amd@cogop.org<\/a><\/strong> o consultar la p\u00e1gina web oficial, en <strong data-start=\"430\" data-end=\"450\"><a class=\"decorated-link\" href=\"http:\/\/www.cogopamd.org\" target=\"_new\" rel=\"noopener\" data-start=\"432\" data-end=\"448\">www.cogopamd.org<\/a><\/strong>. <\/p><p data-start=\"455\" data-end=\"1127\">Los estudiantes deben informar a la oficina de DMA si van a darse de baja de alg\u00fan curso antes de iniciar el proceso de baja del Seminario Teol\u00f3gico Pentecostal. No cumplir con esta pol\u00edtica del Seminario Teol\u00f3gico Pentecostal pone en riesgo la elegibilidad del estudiante para futuras becas. Esta pol\u00edtica indica que el estudiante que se da de baja de una clase luego de haber comenzado, anula su beca y cualquier reembolso ser\u00e1 calculado en basa a la matr\u00edcula completa, en lugar de la cantidad reducida por la beca. Las cuotas adicionales pudieran ser aplicadas en situaciones espec\u00edficas, como la petici\u00f3n para a\u00f1adir\/darse de baja de alg\u00fan cursos, cambios en las calificaciones, extensiones y otras decisiones administrativas. La cuota de graduaci\u00f3n es evaluada aparte y var\u00eda de acuerdo con el seminario y el programa en el cual el estudiante se matricula.    <\/p>\t\t\t\t\t\t\t\t<\/div>\n\t\t\t\t<\/div>\n\t\t<div class=\"elementor-element elementor-element-fabce26 e-con-full e-flex e-con e-child\" data-id=\"fabce26\" data-element_type=\"container\">\n\t\t\t\t<div class=\"elementor-element elementor-element-8ed62d5 elementor-invisible elementor-widget elementor-widget-n-accordion\" data-id=\"8ed62d5\" data-element_type=\"widget\" data-settings=\"{&quot;_animation&quot;:&quot;fadeIn&quot;,&quot;default_state&quot;:&quot;expanded&quot;,&quot;max_items_expended&quot;:&quot;one&quot;,&quot;n_accordion_animation_duration&quot;:{&quot;unit&quot;:&quot;ms&quot;,&quot;size&quot;:400,&quot;sizes&quot;:[]}}\" data-widget_type=\"nested-accordion.default\">\n\t\t\t\t\t\t\t<div class=\"e-n-accordion\" aria-label=\"Accordion. Open links with Enter or Space, close with Escape, and navigate with Arrow Keys\">\n\t\t\t\t\t\t<details id=\"e-n-accordion-item-1490\" class=\"e-n-accordion-item\" open>\n\t\t\t\t<summary class=\"e-n-accordion-item-title\" data-accordion-index=\"1\" tabindex=\"0\" aria-expanded=\"true\" aria-controls=\"e-n-accordion-item-1490\" >\n\t\t\t\t\t<span class='e-n-accordion-item-title-header'><div class=\"e-n-accordion-item-title-text\"> Programa de certificado <\/div><\/span>\n\t\t\t\t\t\t\t\t\t<\/summary>\n\t\t\t\t<div role=\"region\" aria-labelledby=\"e-n-accordion-item-1490\" class=\"elementor-element elementor-element-5ec58a4 e-con-full e-flex e-con e-child\" data-id=\"5ec58a4\" data-element_type=\"container\">\n\t\t\t\t<div class=\"elementor-element elementor-element-d1b3ebe elementor-widget elementor-widget-text-editor\" data-id=\"d1b3ebe\" data-element_type=\"widget\" data-widget_type=\"text-editor.default\">\n\t\t\t\t\t\t\t\t\t<p>Se ofrece en colaboraci\u00f3n con el Seminario Esp\u00edritu y Vida, una instituci\u00f3n de la IDP.<\/p>\t\t\t\t\t\t\t\t<\/div>\n\t\t\t\t<div class=\"elementor-element elementor-element-2849a14 elementor-widget elementor-widget-text-editor\" data-id=\"2849a14\" data-element_type=\"widget\" data-widget_type=\"text-editor.default\">\n\t\t\t\t\t\t\t\t\t<p><strong>Cuota de solicitud: <\/strong> $50.00 (no reembolsable).<br><br><b><i><span data-olk-copy-source=\"MessageBody\">Matr\u00edcula regular:<\/span><\/i><\/b><i> $150 por cr\u00e9dito; $450 por curso de 3 cr\u00e9ditos.<br><b>Beca de la IDP: <\/b>$65.00 por cr\u00e9dito; hasta $195 por curso de 3 cr\u00e9ditos<\/i> <\/p><p><b><i>Total de matr\u00edcula: $85 por cr\u00e9dito; $255 por curso de 3 cr\u00e9ditos<\/i><\/b><\/p><p><strong><span style=\"text-decoration: underline;\">Otras cuotas:<\/span><br>Registraci\u00f3n &#8211; <\/strong>$30.00 por sesi\u00f3n<strong><br>Cuota de tecnolog\u00eda &#8211; <\/strong>$30.00 por sesi\u00f3n<strong><br>Cuota por a\u00f1adir\/dar baja (despu\u00e9s de comenzar las clases) &#8211; $10.00<br>Cuota por Prueba de aptitud &#8211; $25.00 (no reembolsable)<\/strong><\/p>\t\t\t\t\t\t\t\t<\/div>\n\t\t\t\t<\/div>\n\t\t\t\t\t<\/details>\n\t\t\t\t\t\t<details id=\"e-n-accordion-item-1491\" class=\"e-n-accordion-item\" >\n\t\t\t\t<summary class=\"e-n-accordion-item-title\" data-accordion-index=\"2\" tabindex=\"-1\" aria-expanded=\"false\" aria-controls=\"e-n-accordion-item-1491\" >\n\t\t\t\t\t<span class='e-n-accordion-item-title-header'><div class=\"e-n-accordion-item-title-text\"> Programa de licenciatura <\/div><\/span>\n\t\t\t\t\t\t\t\t\t<\/summary>\n\t\t\t\t<div role=\"region\" aria-labelledby=\"e-n-accordion-item-1491\" class=\"elementor-element elementor-element-f609710 e-con-full e-flex e-con e-child\" data-id=\"f609710\" data-element_type=\"container\">\n\t\t\t\t<div class=\"elementor-element elementor-element-9d4a11d elementor-widget elementor-widget-text-editor\" data-id=\"9d4a11d\" data-element_type=\"widget\" data-widget_type=\"text-editor.default\">\n\t\t\t\t\t\t\t\t\t<p><strong>Cuota de solicitud<\/strong>: $60.00 (no reembolsable).<\/p><p><b><i><span data-olk-copy-source=\"MessageBody\">Matr\u00edcula regular:<\/span><\/i><\/b><i> $150 por cr\u00e9dito; $450 por curso de 3 cr\u00e9ditos<br><b>Beca de la IDP: <\/b>$65.00 por cr\u00e9dito; hasta $195 por curso de 3 cr\u00e9ditos<\/i> <\/p><p><b><i>Total de matr\u00edcula: $85 por cr\u00e9dito; $255 por curso de 3 cr\u00e9ditos<\/i><\/b><\/p><p><span style=\"text-decoration: underline;\"><strong>Otras cuotas:<\/strong><\/span> <br><strong>Registraci\u00f3n<\/strong> \u2013 $30.00 por sesi\u00f3n<br><strong>Cuota de tecnolog\u00eda<\/strong> \u2013 $30.00 por sesi\u00f3n<br><strong>Cuota por a\u00f1adir\/dar de baja (despu\u00e9s de comenzar la clase)<\/strong> \u2013 $10.00<\/p>\t\t\t\t\t\t\t\t<\/div>\n\t\t\t\t<\/div>\n\t\t\t\t\t<\/details>\n\t\t\t\t\t\t<details id=\"e-n-accordion-item-1492\" class=\"e-n-accordion-item\" >\n\t\t\t\t<summary class=\"e-n-accordion-item-title\" data-accordion-index=\"3\" tabindex=\"-1\" aria-expanded=\"false\" aria-controls=\"e-n-accordion-item-1492\" >\n\t\t\t\t\t<span class='e-n-accordion-item-title-header'><div class=\"e-n-accordion-item-title-text\"> Programas de posgrado <\/div><\/span>\n\t\t\t\t\t\t\t\t\t<\/summary>\n\t\t\t\t<div role=\"region\" aria-labelledby=\"e-n-accordion-item-1492\" class=\"elementor-element elementor-element-30b7605 e-con-full e-flex e-con e-child\" data-id=\"30b7605\" data-element_type=\"container\">\n\t\t\t\t<div class=\"elementor-element elementor-element-9417f07 elementor-widget elementor-widget-text-editor\" data-id=\"9417f07\" data-element_type=\"widget\" data-widget_type=\"text-editor.default\">\n\t\t\t\t\t\t\t\t\t<p>Se ofrece en colaboraci\u00f3n con el Seminario Teol\u00f3gico Pentecostal (T\u00edtulos disponibles: Maestr\u00eda en Divinidades, Maestr\u00eda en Estudios Teol\u00f3gicos, Maestr\u00eda en Artes en Ministerios de la Iglesia y Maestr\u00eda en Artes en Cl\u00ednica de Consejer\u00eda en Salud Mental<\/p>\t\t\t\t\t\t\t\t<\/div>\n\t\t\t\t<div class=\"elementor-element elementor-element-8a03ae6 elementor-widget elementor-widget-text-editor\" data-id=\"8a03ae6\" data-element_type=\"widget\" data-widget_type=\"text-editor.default\">\n\t\t\t\t\t\t\t\t\t<p><strong>Cuota de solicitud: <\/strong> $75.00 (no reembolsable).<br><strong>Matr\u00edcula regular:<\/strong> $498 por cr\u00e9dito; $1,494 por curso de 3 cr\u00e9ditos<br><strong>Beca de la IDP: <\/strong>$281 por cr\u00e9dito; $844 por curso de 3 cr\u00e9ditos<\/p><p><strong>Matr\u00edcula total: $217 por cr\u00e9dito; $650 por curso de 3 cr\u00e9ditos (hasta 7 cr\u00e9ditos por semestre)<\/strong><\/p><p><strong><span style=\"text-decoration: underline;\">Otras cuotas:<\/span><br>Prueba de aptitud &#8211; $180 (Una sola vez; usualmente durante el primer a\u00f1o)<br>Registraci\u00f3n &#8211; $30.00 por semestre<br>Cuota de tecnolog\u00eda &#8211; $60.00 por semestre<br>Cuota por a\u00f1adir\/dar de baja &#8211; $10.00<br><\/strong><\/p>\t\t\t\t\t\t\t\t<\/div>\n\t\t\t\t<\/div>\n\t\t\t\t\t<\/details>\n\t\t\t\t\t\t<details id=\"e-n-accordion-item-1493\" class=\"e-n-accordion-item\" >\n\t\t\t\t<summary class=\"e-n-accordion-item-title\" data-accordion-index=\"4\" tabindex=\"-1\" aria-expanded=\"false\" aria-controls=\"e-n-accordion-item-1493\" >\n\t\t\t\t\t<span class='e-n-accordion-item-title-header'><div class=\"e-n-accordion-item-title-text\"> Programa doctoral <\/div><\/span>\n\t\t\t\t\t\t\t\t\t<\/summary>\n\t\t\t\t<div role=\"region\" aria-labelledby=\"e-n-accordion-item-1493\" class=\"elementor-element elementor-element-256d16d e-con-full e-flex e-con e-child\" data-id=\"256d16d\" data-element_type=\"container\">\n\t\t\t\t<div class=\"elementor-element elementor-element-fa15020 elementor-widget elementor-widget-text-editor\" data-id=\"fa15020\" data-element_type=\"widget\" data-widget_type=\"text-editor.default\">\n\t\t\t\t\t\t\t\t\t<p>Seminario Teol\u00f3gico Pentecostal<\/p>\t\t\t\t\t\t\t\t<\/div>\n\t\t\t\t<div class=\"elementor-element elementor-element-ed212f6 elementor-widget elementor-widget-text-editor\" data-id=\"ed212f6\" data-element_type=\"widget\" data-widget_type=\"text-editor.default\">\n\t\t\t\t\t\t\t\t\t<p><strong>Cuota de solicitud: <\/strong> &#8211;<br><strong>Matr\u00edcula regular:<\/strong> $100 (no reembolsable).<br><strong>Beca de la IDP: <\/strong>&#8211;<\/p><p><strong>Total por la matr\u00edcula: $565 por cr\u00e9dito; $1,695 por curso de 3 cr\u00e9ditos<br>$148 por credit; $444 por curso de 3 cr\u00e9ditos (cohorte de 20 estudiantes)<br>$417 por cr\u00e9dito; $1251 por curso de 3 cr\u00e9ditos<br><\/strong><\/p><p><strong><span style=\"text-decoration: underline;\">Otras cuotas:<\/span><\/strong><\/p><p>Prueba de aptitud &#8211; $180 (Una sola vez; usualmente durante el primer a\u00f1o)<br>Cuota de DMIN &#8211; $100 por a\u00f1o<br>Cuota de registraci\u00f3n &#8211; $25.00<br>Cuota de tecnolog\u00eda &#8211; $100.00 por a\u00f1o<br>Cuota por a\u00f1adir\/dar de baja &#8211; $10.00<\/p><p><strong> <\/strong><\/p>\t\t\t\t\t\t\t\t<\/div>\n\t\t\t\t<\/div>\n\t\t\t\t\t<\/details>\n\t\t\t\t\t<\/div>\n\t\t\t\t\t\t<\/div>\n\t\t\t\t<\/div>\n\t\t\t\t\t<\/div>\n\t\t\t\t<\/div>\n\t\t\t\t<\/div>\n\t\t","protected":false},"excerpt":{"rendered":"<p>Matr\u00edcula y cuotas P\u00e1gina inicial \/ Admisiones Pol\u00edtica de cuotas Becas La cantidad a pagar por la matr\u00edcula para el a\u00f1o acad\u00e9mico 2026-2027 est\u00e1 sujeto a revisi\u00f3n. Las becas de la IDP son determinadas en base a la informaci\u00f3n disponible para marzo de 2026 y pudieran ser ajustadas. Para obtener la informaci\u00f3n m\u00e1s actualizada, los [&hellip;]<\/p>\n","protected":false},"author":1,"featured_media":0,"parent":0,"menu_order":0,"comment_status":"closed","ping_status":"closed","template":"","meta":{"footnotes":""},"class_list":["post-1115","page","type-page","status-publish","hentry"],"yoast_head":"<!-- This site is optimized with the Yoast SEO plugin v26.8 - https:\/\/yoast.com\/product\/yoast-seo-wordpress\/ -->\n<title>Matr\u00edcula y cuotas \/ Becas | Accredited Ministry Development<\/title>\n<meta name=\"robots\" content=\"index, follow, max-snippet:-1, max-image-preview:large, max-video-preview:-1\" \/>\n<link rel=\"canonical\" href=\"https:\/\/cogopamd.org\/es\/matricula-y-cuotas-becas\/\" \/>\n<meta property=\"og:locale\" content=\"es_ES\" \/>\n<meta property=\"og:type\" content=\"article\" \/>\n<meta property=\"og:title\" content=\"Matr\u00edcula y cuotas \/ Becas | Accredited Ministry Development\" \/>\n<meta property=\"og:description\" content=\"Matr\u00edcula y cuotas P\u00e1gina inicial \/ Admisiones Pol\u00edtica de cuotas Becas La cantidad a pagar por la matr\u00edcula para el a\u00f1o acad\u00e9mico 2026-2027 est\u00e1 sujeto a revisi\u00f3n. Las becas de la IDP son determinadas en base a la informaci\u00f3n disponible para marzo de 2026 y pudieran ser ajustadas. Para obtener la informaci\u00f3n m\u00e1s actualizada, los [&hellip;]\" \/>\n<meta property=\"og:url\" content=\"https:\/\/cogopamd.org\/es\/matricula-y-cuotas-becas\/\" \/>\n<meta property=\"og:site_name\" content=\"Accredited Ministry Development\" \/>\n<meta property=\"article:publisher\" content=\"https:\/\/www.facebook.com\/cogopamd\" \/>\n<meta property=\"article:modified_time\" content=\"2025-12-11T16:21:37+00:00\" \/>\n<meta property=\"og:image\" content=\"https:\/\/cogopamd.org\/wp-content\/uploads\/2025\/11\/opt-seo.webp\" \/>\n\t<meta property=\"og:image:width\" content=\"1200\" \/>\n\t<meta property=\"og:image:height\" content=\"630\" \/>\n\t<meta property=\"og:image:type\" content=\"image\/webp\" \/>\n<meta name=\"twitter:card\" content=\"summary_large_image\" \/>\n<meta name=\"twitter:label1\" content=\"Tiempo de lectura\" \/>\n\t<meta name=\"twitter:data1\" content=\"5 minutos\" \/>\n<script type=\"application\/ld+json\" class=\"yoast-schema-graph\">{\"@context\":\"https:\/\/schema.org\",\"@graph\":[{\"@type\":\"WebPage\",\"@id\":\"https:\/\/cogopamd.org\/es\/matricula-y-cuotas-becas\/\",\"url\":\"https:\/\/cogopamd.org\/es\/matricula-y-cuotas-becas\/\",\"name\":\"Matr\u00edcula y cuotas \/ Becas | Accredited Ministry Development\",\"isPartOf\":{\"@id\":\"https:\/\/cogopamd.org\/#website\"},\"datePublished\":\"2025-09-25T21:16:31+00:00\",\"dateModified\":\"2025-12-11T16:21:37+00:00\",\"breadcrumb\":{\"@id\":\"https:\/\/cogopamd.org\/es\/matricula-y-cuotas-becas\/#breadcrumb\"},\"inLanguage\":\"es\",\"potentialAction\":[{\"@type\":\"ReadAction\",\"target\":[\"https:\/\/cogopamd.org\/es\/matricula-y-cuotas-becas\/\"]}]},{\"@type\":\"BreadcrumbList\",\"@id\":\"https:\/\/cogopamd.org\/es\/matricula-y-cuotas-becas\/#breadcrumb\",\"itemListElement\":[{\"@type\":\"ListItem\",\"position\":1,\"name\":\"Home\",\"item\":\"https:\/\/cogopamd.org\/es\/\"},{\"@type\":\"ListItem\",\"position\":2,\"name\":\"Matr\u00edcula y cuotas \/ Becas\"}]},{\"@type\":\"WebSite\",\"@id\":\"https:\/\/cogopamd.org\/#website\",\"url\":\"https:\/\/cogopamd.org\/\",\"name\":\"Accredited Ministry Development\",\"description\":\"Accredited Ministry Development is part of the Leadership Development &amp; Discipleship Ministries of the Church of God of Prophecy.\",\"publisher\":{\"@id\":\"https:\/\/cogopamd.org\/#organization\"},\"alternateName\":\"AMD COGOP\",\"potentialAction\":[{\"@type\":\"SearchAction\",\"target\":{\"@type\":\"EntryPoint\",\"urlTemplate\":\"https:\/\/cogopamd.org\/?s={search_term_string}\"},\"query-input\":{\"@type\":\"PropertyValueSpecification\",\"valueRequired\":true,\"valueName\":\"search_term_string\"}}],\"inLanguage\":\"es\"},{\"@type\":\"Organization\",\"@id\":\"https:\/\/cogopamd.org\/#organization\",\"name\":\"Church of God of Prophecy \u2013 Leadership Development & Discipleship \u2013 Accredited Ministry Development\",\"alternateName\":\"COGOP - LDD - AMD\",\"url\":\"https:\/\/cogopamd.org\/\",\"logo\":{\"@type\":\"ImageObject\",\"inLanguage\":\"es\",\"@id\":\"https:\/\/cogopamd.org\/#\/schema\/logo\/image\/\",\"url\":\"https:\/\/cogopamd.org\/wp-content\/uploads\/2025\/11\/opt-seo.webp\",\"contentUrl\":\"https:\/\/cogopamd.org\/wp-content\/uploads\/2025\/11\/opt-seo.webp\",\"width\":1200,\"height\":630,\"caption\":\"Church of God of Prophecy \u2013 Leadership Development & Discipleship \u2013 Accredited Ministry Development\"},\"image\":{\"@id\":\"https:\/\/cogopamd.org\/#\/schema\/logo\/image\/\"},\"sameAs\":[\"https:\/\/www.facebook.com\/cogopamd\"]}]}<\/script>\n<!-- \/ Yoast SEO plugin. -->","yoast_head_json":{"title":"Matr\u00edcula y cuotas \/ Becas | Accredited Ministry Development","robots":{"index":"index","follow":"follow","max-snippet":"max-snippet:-1","max-image-preview":"max-image-preview:large","max-video-preview":"max-video-preview:-1"},"canonical":"https:\/\/cogopamd.org\/es\/matricula-y-cuotas-becas\/","og_locale":"es_ES","og_type":"article","og_title":"Matr\u00edcula y cuotas \/ Becas | Accredited Ministry Development","og_description":"Matr\u00edcula y cuotas P\u00e1gina inicial \/ Admisiones Pol\u00edtica de cuotas Becas La cantidad a pagar por la matr\u00edcula para el a\u00f1o acad\u00e9mico 2026-2027 est\u00e1 sujeto a revisi\u00f3n. Las becas de la IDP son determinadas en base a la informaci\u00f3n disponible para marzo de 2026 y pudieran ser ajustadas. Para obtener la informaci\u00f3n m\u00e1s actualizada, los [&hellip;]","og_url":"https:\/\/cogopamd.org\/es\/matricula-y-cuotas-becas\/","og_site_name":"Accredited Ministry Development","article_publisher":"https:\/\/www.facebook.com\/cogopamd","article_modified_time":"2025-12-11T16:21:37+00:00","og_image":[{"width":1200,"height":630,"url":"https:\/\/cogopamd.org\/wp-content\/uploads\/2025\/11\/opt-seo.webp","type":"image\/webp"}],"twitter_card":"summary_large_image","twitter_misc":{"Tiempo de lectura":"5 minutos"},"schema":{"@context":"https:\/\/schema.org","@graph":[{"@type":"WebPage","@id":"https:\/\/cogopamd.org\/es\/matricula-y-cuotas-becas\/","url":"https:\/\/cogopamd.org\/es\/matricula-y-cuotas-becas\/","name":"Matr\u00edcula y cuotas \/ Becas | Accredited Ministry Development","isPartOf":{"@id":"https:\/\/cogopamd.org\/#website"},"datePublished":"2025-09-25T21:16:31+00:00","dateModified":"2025-12-11T16:21:37+00:00","breadcrumb":{"@id":"https:\/\/cogopamd.org\/es\/matricula-y-cuotas-becas\/#breadcrumb"},"inLanguage":"es","potentialAction":[{"@type":"ReadAction","target":["https:\/\/cogopamd.org\/es\/matricula-y-cuotas-becas\/"]}]},{"@type":"BreadcrumbList","@id":"https:\/\/cogopamd.org\/es\/matricula-y-cuotas-becas\/#breadcrumb","itemListElement":[{"@type":"ListItem","position":1,"name":"Home","item":"https:\/\/cogopamd.org\/es\/"},{"@type":"ListItem","position":2,"name":"Matr\u00edcula y cuotas \/ Becas"}]},{"@type":"WebSite","@id":"https:\/\/cogopamd.org\/#website","url":"https:\/\/cogopamd.org\/","name":"Accredited Ministry Development","description":"Accredited Ministry Development is part of the Leadership Development &amp; Discipleship Ministries of the Church of God of Prophecy.","publisher":{"@id":"https:\/\/cogopamd.org\/#organization"},"alternateName":"AMD COGOP","potentialAction":[{"@type":"SearchAction","target":{"@type":"EntryPoint","urlTemplate":"https:\/\/cogopamd.org\/?s={search_term_string}"},"query-input":{"@type":"PropertyValueSpecification","valueRequired":true,"valueName":"search_term_string"}}],"inLanguage":"es"},{"@type":"Organization","@id":"https:\/\/cogopamd.org\/#organization","name":"Church of God of Prophecy \u2013 Leadership Development & Discipleship \u2013 Accredited Ministry Development","alternateName":"COGOP - LDD - AMD","url":"https:\/\/cogopamd.org\/","logo":{"@type":"ImageObject","inLanguage":"es","@id":"https:\/\/cogopamd.org\/#\/schema\/logo\/image\/","url":"https:\/\/cogopamd.org\/wp-content\/uploads\/2025\/11\/opt-seo.webp","contentUrl":"https:\/\/cogopamd.org\/wp-content\/uploads\/2025\/11\/opt-seo.webp","width":1200,"height":630,"caption":"Church of God of Prophecy \u2013 Leadership Development & Discipleship \u2013 Accredited Ministry Development"},"image":{"@id":"https:\/\/cogopamd.org\/#\/schema\/logo\/image\/"},"sameAs":["https:\/\/www.facebook.com\/cogopamd"]}]}},"_links":{"self":[{"href":"https:\/\/cogopamd.org\/es\/wp-json\/wp\/v2\/pages\/1115","targetHints":{"allow":["GET"]}}],"collection":[{"href":"https:\/\/cogopamd.org\/es\/wp-json\/wp\/v2\/pages"}],"about":[{"href":"https:\/\/cogopamd.org\/es\/wp-json\/wp\/v2\/types\/page"}],"author":[{"embeddable":true,"href":"https:\/\/cogopamd.org\/es\/wp-json\/wp\/v2\/users\/1"}],"replies":[{"embeddable":true,"href":"https:\/\/cogopamd.org\/es\/wp-json\/wp\/v2\/comments?post=1115"}],"version-history":[{"count":5,"href":"https:\/\/cogopamd.org\/es\/wp-json\/wp\/v2\/pages\/1115\/revisions"}],"predecessor-version":[{"id":1145,"href":"https:\/\/cogopamd.org\/es\/wp-json\/wp\/v2\/pages\/1115\/revisions\/1145"}],"wp:attachment":[{"href":"https:\/\/cogopamd.org\/es\/wp-json\/wp\/v2\/media?parent=1115"}],"curies":[{"name":"wp","href":"https:\/\/api.w.org\/{rel}","templated":true}]}}