{"id":1161,"date":"2025-09-25T21:42:24","date_gmt":"2025-09-25T21:42:24","guid":{"rendered":"https:\/\/cogopamd.org\/proceso-de-solicitud\/"},"modified":"2026-01-08T15:28:12","modified_gmt":"2026-01-08T15:28:12","slug":"proceso-de-solicitud","status":"publish","type":"page","link":"https:\/\/cogopamd.org\/es\/proceso-de-solicitud\/","title":{"rendered":"Proceso de solicitud"},"content":{"rendered":"\t\t<div data-elementor-type=\"wp-page\" data-elementor-id=\"1161\" class=\"elementor elementor-1161 elementor-808\" data-elementor-post-type=\"page\">\n\t\t\t\t<div class=\"elementor-element elementor-element-439a366 e-flex e-con-boxed e-con e-parent\" data-id=\"439a366\" data-element_type=\"container\" data-settings=\"{&quot;background_background&quot;:&quot;classic&quot;}\">\n\t\t\t\t\t<div class=\"e-con-inner\">\n\t\t<div class=\"elementor-element elementor-element-a9102f0 e-con-full e-flex e-con e-child\" data-id=\"a9102f0\" data-element_type=\"container\">\n\t\t\t\t<div class=\"elementor-element elementor-element-0c8dbbc elementor-widget elementor-widget-heading\" data-id=\"0c8dbbc\" data-element_type=\"widget\" data-widget_type=\"heading.default\">\n\t\t\t\t\t<h2 class=\"elementor-heading-title elementor-size-default\">Proceso de solicitud<\/h2>\t\t\t\t<\/div>\n\t\t\t\t<div class=\"elementor-element elementor-element-baa0863 elementor-widget elementor-widget-text-editor\" data-id=\"baa0863\" data-element_type=\"widget\" data-widget_type=\"text-editor.default\">\n\t\t\t\t\t\t\t\t\t<p><a href=\"https:\/\/cogopamd.org\/es\/\">P\u00e1gina principal<\/a> \/ Admisiones<\/p>\t\t\t\t\t\t\t\t<\/div>\n\t\t\t\t<\/div>\n\t\t\t\t\t<\/div>\n\t\t\t\t<\/div>\n\t\t<div class=\"elementor-element elementor-element-ec53cbc radius-section e-flex e-con-boxed e-con e-parent\" data-id=\"ec53cbc\" data-element_type=\"container\" data-settings=\"{&quot;background_background&quot;:&quot;classic&quot;}\">\n\t\t\t\t\t<div class=\"e-con-inner\">\n\t\t<div class=\"elementor-element elementor-element-c94532b e-flex e-con-boxed e-con e-child\" data-id=\"c94532b\" data-element_type=\"container\">\n\t\t\t\t\t<div class=\"e-con-inner\">\n\t\t\t\t<div class=\"elementor-element elementor-element-3cb2674 elementor-invisible elementor-widget elementor-widget-n-accordion\" data-id=\"3cb2674\" data-element_type=\"widget\" data-settings=\"{&quot;_animation&quot;:&quot;fadeIn&quot;,&quot;default_state&quot;:&quot;expanded&quot;,&quot;max_items_expended&quot;:&quot;one&quot;,&quot;n_accordion_animation_duration&quot;:{&quot;unit&quot;:&quot;ms&quot;,&quot;size&quot;:400,&quot;sizes&quot;:[]}}\" data-widget_type=\"nested-accordion.default\">\n\t\t\t\t\t\t\t<div class=\"e-n-accordion\" aria-label=\"Accordion. Open links with Enter or Space, close with Escape, and navigate with Arrow Keys\">\n\t\t\t\t\t\t<details id=\"e-n-accordion-item-6360\" class=\"e-n-accordion-item\" open>\n\t\t\t\t<summary class=\"e-n-accordion-item-title\" data-accordion-index=\"1\" tabindex=\"0\" aria-expanded=\"true\" aria-controls=\"e-n-accordion-item-6360\" >\n\t\t\t\t\t<span class='e-n-accordion-item-title-header'><div class=\"e-n-accordion-item-title-text\"> Programa de certificado <\/div><\/span>\n\t\t\t\t\t\t\t\t\t<\/summary>\n\t\t\t\t<div role=\"region\" aria-labelledby=\"e-n-accordion-item-6360\" class=\"elementor-element elementor-element-5634f14 e-con-full e-flex e-con e-child\" data-id=\"5634f14\" data-element_type=\"container\">\n\t\t\t\t<div class=\"elementor-element elementor-element-1c36cae elementor-widget elementor-widget-text-editor\" data-id=\"1c36cae\" data-element_type=\"widget\" data-widget_type=\"text-editor.default\">\n\t\t\t\t\t\t\t\t\t<p><strong>Requisitos<\/strong><\/p><p>Transcripci\u00f3n oficial de la escuela secundaria, transcripci\u00f3n oficial del equivalente de la secundaria (GED) o la \u00abPrueba de aptitud\u00bb del Seminario Esp\u00edritu y Vida que se ofrece en colaboraci\u00f3n con el Seminario Esp\u00edritu y Vida, un programa institucional de la IDP: Estudios Teol\u00f3gicos y Ministeriales. (Cohortes hispanohablantes y anglohablantes) <\/p><ol><li>Llene la solicitud en SLSEM.EDU bajo la opci\u00f3n \u00abSolicite ahora\u00bb<\/li><li> Pague la cuota de solicitud de $50.00 (no reembolsable) a: Seminario Esp\u00edritu y Vida.<\/li><li>Debe enviar una copia de su expediente oficial de escuela secundaria, diploma de GED\/HISET, o contactar al Seminario Esp\u00edritu y Vida para tomar la \u00abPrueba de aptitud\u00bb. La cuota de la Prueba de aptitud es de $25 (no reembolsable). Tambi\u00e9n puede enviar estos documentos por correo regular.  <\/li><li>Una carta de recomendaci\u00f3n de alguien que no es su familiar.<\/li><li>Firme y ponga la fecha en el formulario de Divulgaci\u00f3n sobre la Transferibilidad de Cr\u00e9ditos.<\/li><li>Complete, firme y ponga la fecha en la Lista de preinscripci\u00f3n, junto con un representante del Seminario Esp\u00edritu y Vida.<\/li><li>Complete, firme y ponga la fecha en el Acuerdo de inscripci\u00f3n, junto con un representante del Seminario Esp\u00edritu y Vida.<\/li><\/ol>\t\t\t\t\t\t\t\t<\/div>\n\t\t\t\t<\/div>\n\t\t\t\t\t<\/details>\n\t\t\t\t\t\t<details id=\"e-n-accordion-item-6361\" class=\"e-n-accordion-item\" >\n\t\t\t\t<summary class=\"e-n-accordion-item-title\" data-accordion-index=\"2\" tabindex=\"-1\" aria-expanded=\"false\" aria-controls=\"e-n-accordion-item-6361\" >\n\t\t\t\t\t<span class='e-n-accordion-item-title-header'><div class=\"e-n-accordion-item-title-text\"> Programa de licenciatura <\/div><\/span>\n\t\t\t\t\t\t\t\t\t<\/summary>\n\t\t\t\t<div role=\"region\" aria-labelledby=\"e-n-accordion-item-6361\" class=\"elementor-element elementor-element-09aebd4 e-con-full e-flex e-con e-child\" data-id=\"09aebd4\" data-element_type=\"container\">\n\t\t\t\t<div class=\"elementor-element elementor-element-a957453 elementor-widget elementor-widget-text-editor\" data-id=\"a957453\" data-element_type=\"widget\" data-widget_type=\"text-editor.default\">\n\t\t\t\t\t\t\t\t\t<p><strong>Requisitos<\/strong><\/p><p>Transcripci\u00f3n oficial de la universidad<\/p><p>Complete la solicitud en SLSEM.EDU \/ bajo \u00abSolicitar ahora\u00bb<\/p><ol><li>Pague la cuota de solicitud de $60.00 (no reembolsable) a: Seminario Esp\u00edritu y Vida.<\/li><li>Solicite que su instituci\u00f3n env\u00ede una copia de su transcripci\u00f3n oficial de la universidad a: info@slsem.edu<\/li><li>Una carta de recomendaci\u00f3n de alguien que no es su familiar.<\/li><li>Firme y ponga la fecha en el formulario de Divulgaci\u00f3n sobre la Transferibilidad de Cr\u00e9ditos.<\/li><li>Complete, firme y ponga la fecha en la lista de preinscripci\u00f3n.<\/li><li>Complete, firme y ponga la fecha en el Acuerdo de inscripci\u00f3n.<\/li><\/ol>\t\t\t\t\t\t\t\t<\/div>\n\t\t\t\t<\/div>\n\t\t\t\t\t<\/details>\n\t\t\t\t\t\t<details id=\"e-n-accordion-item-6362\" class=\"e-n-accordion-item\" >\n\t\t\t\t<summary class=\"e-n-accordion-item-title\" data-accordion-index=\"3\" tabindex=\"-1\" aria-expanded=\"false\" aria-controls=\"e-n-accordion-item-6362\" >\n\t\t\t\t\t<span class='e-n-accordion-item-title-header'><div class=\"e-n-accordion-item-title-text\"> Programas de posgrado <\/div><\/span>\n\t\t\t\t\t\t\t\t\t<\/summary>\n\t\t\t\t<div role=\"region\" aria-labelledby=\"e-n-accordion-item-6362\" class=\"elementor-element elementor-element-d788db3 e-con-full e-flex e-con e-child\" data-id=\"d788db3\" data-element_type=\"container\">\n\t\t\t\t<div class=\"elementor-element elementor-element-e7684c5 elementor-widget elementor-widget-text-editor\" data-id=\"e7684c5\" data-element_type=\"widget\" data-widget_type=\"text-editor.default\">\n\t\t\t\t\t\t\t\t\t<p><strong data-start=\"298\" data-end=\"323\">Requisitos<\/strong><\/p><p>Envie una transcripci\u00f3n oficial del t\u00edtulo en licenciatura de una instituci\u00f3n de cualquier disciplina o una transcripci\u00f3n oficial de certificado del Seminario Esp\u00edritu y Vida.<\/p><p><strong>Programas de posgrado (cont.)<\/strong><\/p><ol><li>Llene la solicitud en cogopamd.org bajo la opci\u00f3n \u201cADMISIONES\u201d; seleccione \u201cPrograma de maestr\u00eda \u2013 solicitud\u201d.<\/li><li>Env\u00ede la cuota de solicitud de $75.00 (no reembolsable) al DMA.<\/li><li>Solicite una transcripci\u00f3n oficial de cada instituci\u00f3n acreditada de educaci\u00f3n superior documentando la obtenci\u00f3n del t\u00edtulo. Las transcripciones deben ser enviadas por las instituciones a Desarrollo Ministerial Acreditado (DMA), ya sea por correo electr\u00f3nico (amd@cogop.org) o por correo regular.<br>Nota: Las transcripciones de los graduados de instituciones fuera de los Estados Unidos ser\u00e1n evaluadas. Las transcripciones de instituciones canadienses no necesitan ser evaluadas.  <\/li><li>Envie una autobiograf\u00eda describiendo su historia personal (lugar de nacimiento, vida familiar, empleo), credenciales\/afiliaci\u00f3n denominacional, experiencia cristiana (conversi\u00f3n, regeneraci\u00f3n, santificaci\u00f3n, bautismo con el Esp\u00edritu Santo, sanidad divina, llamado al ministerio), y raz\u00f3n por la cual est\u00e1 solicitando admisi\u00f3n a esta escuela graduada. Debe ser un escrito mecanografiado de cinco p\u00e1ginas a doble espacio con un margen de una pulgada y enviado al amd@cogop.org. <\/li><li>En cuanto se reciba lo anteriormente mencionado, el DMA solicitar\u00e1 recomendaciones de las personas mencionadas por el solicitante.<\/li><\/ol>\t\t\t\t\t\t\t\t<\/div>\n\t\t\t\t<\/div>\n\t\t\t\t\t<\/details>\n\t\t\t\t\t\t<details id=\"e-n-accordion-item-6363\" class=\"e-n-accordion-item\" >\n\t\t\t\t<summary class=\"e-n-accordion-item-title\" data-accordion-index=\"4\" tabindex=\"-1\" aria-expanded=\"false\" aria-controls=\"e-n-accordion-item-6363\" >\n\t\t\t\t\t<span class='e-n-accordion-item-title-header'><div class=\"e-n-accordion-item-title-text\"> Programas de doctorado <\/div><\/span>\n\t\t\t\t\t\t\t\t\t<\/summary>\n\t\t\t\t<div role=\"region\" aria-labelledby=\"e-n-accordion-item-6363\" class=\"elementor-element elementor-element-fd1f719 e-con-full e-flex e-con e-child\" data-id=\"fd1f719\" data-element_type=\"container\">\n\t\t\t\t<div class=\"elementor-element elementor-element-dbe5e98 elementor-widget elementor-widget-text-editor\" data-id=\"dbe5e98\" data-element_type=\"widget\" data-widget_type=\"text-editor.default\">\n\t\t\t\t\t\t\t\t\t<p><strong>T\u00edtulo: <\/strong><strong>Doctorado en Ministerio (DMin)<\/strong><br><strong>Requisitos<\/strong><\/p><p><strong>(uno de los siguientes):<\/strong><\/p><ul><li>Maestr\u00eda en Divinidades de una instituci\u00f3n acreditada.<\/li><li>T\u00edtulo en Biblia\/Teolog\u00eda al completar el portafolio.<\/li><li>T\u00edtulo en alg\u00fan \u00e1rea relacionada al ministerio, como consejer\u00eda, educaci\u00f3n y liderazgo, completando los cursos adicionales del seminario.<\/li><\/ul><ol><li>Llene la solicitud en cogopamd.org, bajo la opci\u00f3n de \u00abADMISIONES\u00bb; seleccione el \u00abPrograma de Doctorado en Ministerio\u00bb.<\/li><li>Env\u00ede la cuota de solicitud de $100.00 (no reembolsable) a: DMA.<\/li><li>Solicite una transcripci\u00f3n oficial de cada instituci\u00f3n acreditada de educaci\u00f3n superior documentando que complet\u00f3 el t\u00edtulo. Las transcripciones deben ser enviadas por las instituciones al DMA, ya sea por correo electr\u00f3nico (amd@cogop.org) o por correo regular.<br>Nota: Las transcripciones de los graduados de instituciones fuera de los Estados Unidos ser\u00e1n evaluadas. <\/li><li>Entregue de 2-3 p\u00e1ginas narrando su llamado al ministerio, experiencia y desarrollo. Esta narrativa personal puede ser enviada a: amd@cogop.org<\/li><li>En cuanto se reciba lo anteriormente mencionado, el DMA solicitar\u00e1 recomendaciones de las personas mencionadas por el solicitante.<\/li><\/ol>\t\t\t\t\t\t\t\t<\/div>\n\t\t\t\t<\/div>\n\t\t\t\t\t<\/details>\n\t\t\t\t\t<\/div>\n\t\t\t\t\t\t<\/div>\n\t\t\t\t\t<\/div>\n\t\t\t\t<\/div>\n\t\t\t\t\t<\/div>\n\t\t\t\t<\/div>\n\t\t\t\t<\/div>\n\t\t","protected":false},"excerpt":{"rendered":"<p>Proceso de solicitud P\u00e1gina principal \/ Admisiones Programa de certificado Requisitos Transcripci\u00f3n oficial de la escuela secundaria, transcripci\u00f3n oficial del equivalente de la secundaria (GED) o la \u00abPrueba de aptitud\u00bb del Seminario Esp\u00edritu y Vida que se ofrece en colaboraci\u00f3n con el Seminario Esp\u00edritu y Vida, un programa institucional de la IDP: Estudios Teol\u00f3gicos y [&hellip;]<\/p>\n","protected":false},"author":1,"featured_media":0,"parent":0,"menu_order":0,"comment_status":"closed","ping_status":"closed","template":"","meta":{"footnotes":""},"class_list":["post-1161","page","type-page","status-publish","hentry"],"yoast_head":"<!-- This site is optimized with the Yoast SEO plugin v26.8 - https:\/\/yoast.com\/product\/yoast-seo-wordpress\/ -->\n<title>Proceso de solicitud | Accredited Ministry Development<\/title>\n<meta name=\"robots\" content=\"index, follow, max-snippet:-1, max-image-preview:large, max-video-preview:-1\" \/>\n<link rel=\"canonical\" href=\"https:\/\/cogopamd.org\/es\/proceso-de-solicitud\/\" \/>\n<meta property=\"og:locale\" content=\"es_ES\" \/>\n<meta property=\"og:type\" content=\"article\" \/>\n<meta property=\"og:title\" content=\"Proceso de solicitud | Accredited Ministry Development\" \/>\n<meta property=\"og:description\" content=\"Proceso de solicitud P\u00e1gina principal \/ Admisiones Programa de certificado Requisitos Transcripci\u00f3n oficial de la escuela secundaria, transcripci\u00f3n oficial del equivalente de la secundaria (GED) o la \u00abPrueba de aptitud\u00bb del Seminario Esp\u00edritu y Vida que se ofrece en colaboraci\u00f3n con el Seminario Esp\u00edritu y Vida, un programa institucional de la IDP: Estudios Teol\u00f3gicos y [&hellip;]\" \/>\n<meta property=\"og:url\" content=\"https:\/\/cogopamd.org\/es\/proceso-de-solicitud\/\" \/>\n<meta property=\"og:site_name\" content=\"Accredited Ministry Development\" \/>\n<meta property=\"article:publisher\" content=\"https:\/\/www.facebook.com\/cogopamd\" \/>\n<meta property=\"article:modified_time\" content=\"2026-01-08T15:28:12+00:00\" \/>\n<meta property=\"og:image\" content=\"https:\/\/cogopamd.org\/wp-content\/uploads\/2025\/11\/opt-seo.webp\" \/>\n\t<meta property=\"og:image:width\" content=\"1200\" \/>\n\t<meta property=\"og:image:height\" content=\"630\" \/>\n\t<meta property=\"og:image:type\" content=\"image\/webp\" \/>\n<meta name=\"twitter:card\" content=\"summary_large_image\" \/>\n<meta name=\"twitter:label1\" content=\"Tiempo de lectura\" \/>\n\t<meta name=\"twitter:data1\" content=\"7 minutos\" \/>\n<script type=\"application\/ld+json\" class=\"yoast-schema-graph\">{\"@context\":\"https:\/\/schema.org\",\"@graph\":[{\"@type\":\"WebPage\",\"@id\":\"https:\/\/cogopamd.org\/es\/proceso-de-solicitud\/\",\"url\":\"https:\/\/cogopamd.org\/es\/proceso-de-solicitud\/\",\"name\":\"Proceso de solicitud | Accredited Ministry Development\",\"isPartOf\":{\"@id\":\"https:\/\/cogopamd.org\/#website\"},\"datePublished\":\"2025-09-25T21:42:24+00:00\",\"dateModified\":\"2026-01-08T15:28:12+00:00\",\"breadcrumb\":{\"@id\":\"https:\/\/cogopamd.org\/es\/proceso-de-solicitud\/#breadcrumb\"},\"inLanguage\":\"es\",\"potentialAction\":[{\"@type\":\"ReadAction\",\"target\":[\"https:\/\/cogopamd.org\/es\/proceso-de-solicitud\/\"]}]},{\"@type\":\"BreadcrumbList\",\"@id\":\"https:\/\/cogopamd.org\/es\/proceso-de-solicitud\/#breadcrumb\",\"itemListElement\":[{\"@type\":\"ListItem\",\"position\":1,\"name\":\"Home\",\"item\":\"https:\/\/cogopamd.org\/es\/\"},{\"@type\":\"ListItem\",\"position\":2,\"name\":\"Proceso de solicitud\"}]},{\"@type\":\"WebSite\",\"@id\":\"https:\/\/cogopamd.org\/#website\",\"url\":\"https:\/\/cogopamd.org\/\",\"name\":\"Accredited Ministry Development\",\"description\":\"Accredited Ministry Development is part of the Leadership Development &amp; Discipleship Ministries of the Church of God of Prophecy.\",\"publisher\":{\"@id\":\"https:\/\/cogopamd.org\/#organization\"},\"alternateName\":\"AMD COGOP\",\"potentialAction\":[{\"@type\":\"SearchAction\",\"target\":{\"@type\":\"EntryPoint\",\"urlTemplate\":\"https:\/\/cogopamd.org\/?s={search_term_string}\"},\"query-input\":{\"@type\":\"PropertyValueSpecification\",\"valueRequired\":true,\"valueName\":\"search_term_string\"}}],\"inLanguage\":\"es\"},{\"@type\":\"Organization\",\"@id\":\"https:\/\/cogopamd.org\/#organization\",\"name\":\"Church of God of Prophecy \u2013 Leadership Development & Discipleship \u2013 Accredited Ministry Development\",\"alternateName\":\"COGOP - LDD - AMD\",\"url\":\"https:\/\/cogopamd.org\/\",\"logo\":{\"@type\":\"ImageObject\",\"inLanguage\":\"es\",\"@id\":\"https:\/\/cogopamd.org\/#\/schema\/logo\/image\/\",\"url\":\"https:\/\/cogopamd.org\/wp-content\/uploads\/2025\/11\/opt-seo.webp\",\"contentUrl\":\"https:\/\/cogopamd.org\/wp-content\/uploads\/2025\/11\/opt-seo.webp\",\"width\":1200,\"height\":630,\"caption\":\"Church of God of Prophecy \u2013 Leadership Development & Discipleship \u2013 Accredited Ministry Development\"},\"image\":{\"@id\":\"https:\/\/cogopamd.org\/#\/schema\/logo\/image\/\"},\"sameAs\":[\"https:\/\/www.facebook.com\/cogopamd\"]}]}<\/script>\n<!-- \/ Yoast SEO plugin. -->","yoast_head_json":{"title":"Proceso de solicitud | Accredited Ministry Development","robots":{"index":"index","follow":"follow","max-snippet":"max-snippet:-1","max-image-preview":"max-image-preview:large","max-video-preview":"max-video-preview:-1"},"canonical":"https:\/\/cogopamd.org\/es\/proceso-de-solicitud\/","og_locale":"es_ES","og_type":"article","og_title":"Proceso de solicitud | Accredited Ministry Development","og_description":"Proceso de solicitud P\u00e1gina principal \/ Admisiones Programa de certificado Requisitos Transcripci\u00f3n oficial de la escuela secundaria, transcripci\u00f3n oficial del equivalente de la secundaria (GED) o la \u00abPrueba de aptitud\u00bb del Seminario Esp\u00edritu y Vida que se ofrece en colaboraci\u00f3n con el Seminario Esp\u00edritu y Vida, un programa institucional de la IDP: Estudios Teol\u00f3gicos y [&hellip;]","og_url":"https:\/\/cogopamd.org\/es\/proceso-de-solicitud\/","og_site_name":"Accredited Ministry Development","article_publisher":"https:\/\/www.facebook.com\/cogopamd","article_modified_time":"2026-01-08T15:28:12+00:00","og_image":[{"width":1200,"height":630,"url":"https:\/\/cogopamd.org\/wp-content\/uploads\/2025\/11\/opt-seo.webp","type":"image\/webp"}],"twitter_card":"summary_large_image","twitter_misc":{"Tiempo de lectura":"7 minutos"},"schema":{"@context":"https:\/\/schema.org","@graph":[{"@type":"WebPage","@id":"https:\/\/cogopamd.org\/es\/proceso-de-solicitud\/","url":"https:\/\/cogopamd.org\/es\/proceso-de-solicitud\/","name":"Proceso de solicitud | Accredited Ministry Development","isPartOf":{"@id":"https:\/\/cogopamd.org\/#website"},"datePublished":"2025-09-25T21:42:24+00:00","dateModified":"2026-01-08T15:28:12+00:00","breadcrumb":{"@id":"https:\/\/cogopamd.org\/es\/proceso-de-solicitud\/#breadcrumb"},"inLanguage":"es","potentialAction":[{"@type":"ReadAction","target":["https:\/\/cogopamd.org\/es\/proceso-de-solicitud\/"]}]},{"@type":"BreadcrumbList","@id":"https:\/\/cogopamd.org\/es\/proceso-de-solicitud\/#breadcrumb","itemListElement":[{"@type":"ListItem","position":1,"name":"Home","item":"https:\/\/cogopamd.org\/es\/"},{"@type":"ListItem","position":2,"name":"Proceso de solicitud"}]},{"@type":"WebSite","@id":"https:\/\/cogopamd.org\/#website","url":"https:\/\/cogopamd.org\/","name":"Accredited Ministry Development","description":"Accredited Ministry Development is part of the Leadership Development &amp; Discipleship Ministries of the Church of God of Prophecy.","publisher":{"@id":"https:\/\/cogopamd.org\/#organization"},"alternateName":"AMD COGOP","potentialAction":[{"@type":"SearchAction","target":{"@type":"EntryPoint","urlTemplate":"https:\/\/cogopamd.org\/?s={search_term_string}"},"query-input":{"@type":"PropertyValueSpecification","valueRequired":true,"valueName":"search_term_string"}}],"inLanguage":"es"},{"@type":"Organization","@id":"https:\/\/cogopamd.org\/#organization","name":"Church of God of Prophecy \u2013 Leadership Development & Discipleship \u2013 Accredited Ministry Development","alternateName":"COGOP - LDD - AMD","url":"https:\/\/cogopamd.org\/","logo":{"@type":"ImageObject","inLanguage":"es","@id":"https:\/\/cogopamd.org\/#\/schema\/logo\/image\/","url":"https:\/\/cogopamd.org\/wp-content\/uploads\/2025\/11\/opt-seo.webp","contentUrl":"https:\/\/cogopamd.org\/wp-content\/uploads\/2025\/11\/opt-seo.webp","width":1200,"height":630,"caption":"Church of God of Prophecy \u2013 Leadership Development & Discipleship \u2013 Accredited Ministry Development"},"image":{"@id":"https:\/\/cogopamd.org\/#\/schema\/logo\/image\/"},"sameAs":["https:\/\/www.facebook.com\/cogopamd"]}]}},"_links":{"self":[{"href":"https:\/\/cogopamd.org\/es\/wp-json\/wp\/v2\/pages\/1161","targetHints":{"allow":["GET"]}}],"collection":[{"href":"https:\/\/cogopamd.org\/es\/wp-json\/wp\/v2\/pages"}],"about":[{"href":"https:\/\/cogopamd.org\/es\/wp-json\/wp\/v2\/types\/page"}],"author":[{"embeddable":true,"href":"https:\/\/cogopamd.org\/es\/wp-json\/wp\/v2\/users\/1"}],"replies":[{"embeddable":true,"href":"https:\/\/cogopamd.org\/es\/wp-json\/wp\/v2\/comments?post=1161"}],"version-history":[{"count":1,"href":"https:\/\/cogopamd.org\/es\/wp-json\/wp\/v2\/pages\/1161\/revisions"}],"predecessor-version":[{"id":1162,"href":"https:\/\/cogopamd.org\/es\/wp-json\/wp\/v2\/pages\/1161\/revisions\/1162"}],"wp:attachment":[{"href":"https:\/\/cogopamd.org\/es\/wp-json\/wp\/v2\/media?parent=1161"}],"curies":[{"name":"wp","href":"https:\/\/api.w.org\/{rel}","templated":true}]}}